{"id":9978,"date":"2024-06-03T14:16:01","date_gmt":"2024-06-03T17:16:01","guid":{"rendered":"https:\/\/ferrepuertochile.cl\/?post_type=product&#038;p=9978"},"modified":"2024-09-13T14:24:41","modified_gmt":"2024-09-13T17:24:41","slug":"buje-reduccion-corto-pvc-celeste-25x20mm-pn10","status":"publish","type":"product","link":"https:\/\/ferrepuertochile.cl\/index.php\/producto\/buje-reduccion-corto-pvc-celeste-25x20mm-pn10\/","title":{"rendered":"Buje Reducci\u00f3n Corto PVC Celeste 25 X 20 Mm PN 10"},"content":{"rendered":"<p>Tuber\u00edas para instalaciones de agua potable, fabricadas en Policloruro de Vinilo (PVC) y certificadas por Cesmec, destinadas a la conducci\u00f3n con presi\u00f3n de agua potable. La uni\u00f3n de la tuber\u00eda presi\u00f3n es de tipo cementar, se requiere adhesivo PVC\u00a0 para una perfecta uni\u00f3n y el uso de: BUJE CORTO PRESION 25X20MM UN<\/p>\n","protected":false},"excerpt":{"rendered":"<p>Tuber\u00edas para instalaciones de agua potable, fabricadas en Policloruro de Vinilo (PVC) y certificadas por Cesmec, destinadas a la conducci\u00f3n con presi\u00f3n de agua potable. La uni\u00f3n de la tuber\u00eda presi\u00f3n es de tipo cementar, se requiere adhesivo PVC\u00a0 para una perfecta uni\u00f3n y el uso de: BUJE CORTO PRESION 25X20MM UN<\/p>\n","protected":false},"featured_media":9979,"template":"","meta":[],"product_brand":[],"product_cat":[208],"product_tag":[],"class_list":{"0":"post-9978","1":"product","2":"type-product","3":"status-publish","4":"has-post-thumbnail","6":"product_cat-fitting-pvc-hidraulico","8":"first","9":"outofstock","10":"shipping-taxable","11":"purchasable","12":"product-type-simple"},"_links":{"self":[{"href":"https:\/\/ferrepuertochile.cl\/index.php\/wp-json\/wp\/v2\/product\/9978","targetHints":{"allow":["GET"]}}],"collection":[{"href":"https:\/\/ferrepuertochile.cl\/index.php\/wp-json\/wp\/v2\/product"}],"about":[{"href":"https:\/\/ferrepuertochile.cl\/index.php\/wp-json\/wp\/v2\/types\/product"}],"wp:featuredmedia":[{"embeddable":true,"href":"https:\/\/ferrepuertochile.cl\/index.php\/wp-json\/wp\/v2\/media\/9979"}],"wp:attachment":[{"href":"https:\/\/ferrepuertochile.cl\/index.php\/wp-json\/wp\/v2\/media?parent=9978"}],"wp:term":[{"taxonomy":"product_brand","embeddable":true,"href":"https:\/\/ferrepuertochile.cl\/index.php\/wp-json\/wp\/v2\/product_brand?post=9978"},{"taxonomy":"product_cat","embeddable":true,"href":"https:\/\/ferrepuertochile.cl\/index.php\/wp-json\/wp\/v2\/product_cat?post=9978"},{"taxonomy":"product_tag","embeddable":true,"href":"https:\/\/ferrepuertochile.cl\/index.php\/wp-json\/wp\/v2\/product_tag?post=9978"}],"curies":[{"name":"wp","href":"https:\/\/api.w.org\/{rel}","templated":true}]}}