{"id":9963,"date":"2024-06-03T13:44:52","date_gmt":"2024-06-03T16:44:52","guid":{"rendered":"https:\/\/ferrepuertochile.cl\/?post_type=product&#038;p=9963"},"modified":"2024-09-13T12:05:49","modified_gmt":"2024-09-13T15:05:49","slug":"tuberia-hidraulica-25mm-x-6mts-pn-12-5","status":"publish","type":"product","link":"https:\/\/ferrepuertochile.cl\/index.php\/producto\/tuberia-hidraulica-25mm-x-6mts-pn-12-5\/","title":{"rendered":"Tuber\u00eda Hidr\u00e1ulica 25 Mm X 6 Mts PN 12.5"},"content":{"rendered":"<p>Tuber\u00eda de PVC es utilizada para suministrar agua bajo presi\u00f3n, con un amplio rango de di\u00e1metros y presiones nominales. Es utilizada en redes de agua potable, instalaciones sanitarias, sistemas de riego. El sistema de uni\u00f3n que emplea es por medio de adhesivo, o sea fusi\u00f3n cementada, puede romperse debido a las vibraciones e impactos generados por la presi\u00f3n de los fluidos que pasan por el ducto. El material es resistente, auto extinguible y cumple con los par\u00e1metros exigidos para recibir certificaci\u00f3n ISO CascoS 5.<\/p>\n","protected":false},"excerpt":{"rendered":"<p>Tuber\u00eda de PVC es utilizada para suministrar agua bajo presi\u00f3n, con un amplio rango de di\u00e1metros y presiones nominales. Es utilizada en redes de agua potable, instalaciones sanitarias, sistemas de riego. El sistema de uni\u00f3n que emplea es por medio de adhesivo, o sea fusi\u00f3n cementada, puede romperse debido a las vibraciones e impactos generados&#8230;<\/p>\n","protected":false},"featured_media":9964,"template":"","meta":[],"product_brand":[],"product_cat":[205,208,206],"product_tag":[],"class_list":{"0":"post-9963","1":"product","2":"type-product","3":"status-publish","4":"has-post-thumbnail","6":"product_cat-canerias","7":"product_cat-fitting-pvc-hidraulico","8":"product_cat-tubos-y-fitting","10":"first","11":"outofstock","12":"shipping-taxable","13":"purchasable","14":"product-type-simple"},"_links":{"self":[{"href":"https:\/\/ferrepuertochile.cl\/index.php\/wp-json\/wp\/v2\/product\/9963","targetHints":{"allow":["GET"]}}],"collection":[{"href":"https:\/\/ferrepuertochile.cl\/index.php\/wp-json\/wp\/v2\/product"}],"about":[{"href":"https:\/\/ferrepuertochile.cl\/index.php\/wp-json\/wp\/v2\/types\/product"}],"wp:featuredmedia":[{"embeddable":true,"href":"https:\/\/ferrepuertochile.cl\/index.php\/wp-json\/wp\/v2\/media\/9964"}],"wp:attachment":[{"href":"https:\/\/ferrepuertochile.cl\/index.php\/wp-json\/wp\/v2\/media?parent=9963"}],"wp:term":[{"taxonomy":"product_brand","embeddable":true,"href":"https:\/\/ferrepuertochile.cl\/index.php\/wp-json\/wp\/v2\/product_brand?post=9963"},{"taxonomy":"product_cat","embeddable":true,"href":"https:\/\/ferrepuertochile.cl\/index.php\/wp-json\/wp\/v2\/product_cat?post=9963"},{"taxonomy":"product_tag","embeddable":true,"href":"https:\/\/ferrepuertochile.cl\/index.php\/wp-json\/wp\/v2\/product_tag?post=9963"}],"curies":[{"name":"wp","href":"https:\/\/api.w.org\/{rel}","templated":true}]}}