{"id":9942,"date":"2024-06-03T11:35:49","date_gmt":"2024-06-03T14:35:49","guid":{"rendered":"https:\/\/ferrepuertochile.cl\/?post_type=product&#038;p=9942"},"modified":"2025-03-10T12:05:03","modified_gmt":"2025-03-10T15:05:03","slug":"copla-pvc-sanitario-gris-75mm-hoffens","status":"publish","type":"product","link":"https:\/\/ferrepuertochile.cl\/index.php\/producto\/copla-pvc-sanitario-gris-75mm-hoffens\/","title":{"rendered":"Copla PVC Sanitario Gris 75 Mm Hoffens"},"content":{"rendered":"<p>La Copla Sanitaria Gris es un accesorio empleado para unir tuber\u00edas Sanitarias. Dentro del rubro de plomer\u00eda y gasfiter\u00eda, los fittings cumplen la funci\u00f3n de conectar y desviar el curso de tuber\u00edas para conducir fluidos. Utiliza sistema de uni\u00f3n cementado por ambos lados.<\/p>\n","protected":false},"excerpt":{"rendered":"<p>La Copla Sanitaria Gris es un accesorio empleado para unir tuber\u00edas Sanitarias. Dentro del rubro de plomer\u00eda y gasfiter\u00eda, los fittings cumplen la funci\u00f3n de conectar y desviar el curso de tuber\u00edas para conducir fluidos. Utiliza sistema de uni\u00f3n cementado por ambos lados.<\/p>\n","protected":false},"featured_media":9943,"template":"","meta":[],"product_brand":[],"product_cat":[209],"product_tag":[],"class_list":{"0":"post-9942","1":"product","2":"type-product","3":"status-publish","4":"has-post-thumbnail","6":"product_cat-fitting-pvc-sanitario","8":"first","9":"instock","10":"shipping-taxable","11":"purchasable","12":"product-type-simple"},"_links":{"self":[{"href":"https:\/\/ferrepuertochile.cl\/index.php\/wp-json\/wp\/v2\/product\/9942","targetHints":{"allow":["GET"]}}],"collection":[{"href":"https:\/\/ferrepuertochile.cl\/index.php\/wp-json\/wp\/v2\/product"}],"about":[{"href":"https:\/\/ferrepuertochile.cl\/index.php\/wp-json\/wp\/v2\/types\/product"}],"wp:featuredmedia":[{"embeddable":true,"href":"https:\/\/ferrepuertochile.cl\/index.php\/wp-json\/wp\/v2\/media\/9943"}],"wp:attachment":[{"href":"https:\/\/ferrepuertochile.cl\/index.php\/wp-json\/wp\/v2\/media?parent=9942"}],"wp:term":[{"taxonomy":"product_brand","embeddable":true,"href":"https:\/\/ferrepuertochile.cl\/index.php\/wp-json\/wp\/v2\/product_brand?post=9942"},{"taxonomy":"product_cat","embeddable":true,"href":"https:\/\/ferrepuertochile.cl\/index.php\/wp-json\/wp\/v2\/product_cat?post=9942"},{"taxonomy":"product_tag","embeddable":true,"href":"https:\/\/ferrepuertochile.cl\/index.php\/wp-json\/wp\/v2\/product_tag?post=9942"}],"curies":[{"name":"wp","href":"https:\/\/api.w.org\/{rel}","templated":true}]}}