{"id":9826,"date":"2024-05-24T11:17:01","date_gmt":"2024-05-24T14:17:01","guid":{"rendered":"https:\/\/ferrepuertochile.cl\/?post_type=product&#038;p=9826"},"modified":"2025-03-10T12:05:12","modified_gmt":"2025-03-10T15:05:12","slug":"reduccion-hdpe-160x110mm-electro-fusion","status":"publish","type":"product","link":"https:\/\/ferrepuertochile.cl\/index.php\/producto\/reduccion-hdpe-160x110mm-electro-fusion\/","title":{"rendered":"Reducci\u00f3n HDPE 160 X 110 Mm Electro-fusi\u00f3n"},"content":{"rendered":"<p>La Reducci\u00f3n de HDPE es un accesorio empleado para unir tuber\u00edas del mismo material de distintas dimensiones. Dentro del rubro de plomer\u00eda y gasfiter\u00eda, los fittings cumplen la funci\u00f3n de conectar y desviar el curso de tuber\u00edas para conducir fluidos.<\/p>\n","protected":false},"excerpt":{"rendered":"<p>La Reducci\u00f3n de HDPE es un accesorio empleado para unir tuber\u00edas del mismo material de distintas dimensiones. Dentro del rubro de plomer\u00eda y gasfiter\u00eda, los fittings cumplen la funci\u00f3n de conectar y desviar el curso de tuber\u00edas para conducir fluidos.<\/p>\n","protected":false},"featured_media":9827,"template":"","meta":[],"product_brand":[],"product_cat":[212],"product_tag":[],"class_list":{"0":"post-9826","1":"product","2":"type-product","3":"status-publish","4":"has-post-thumbnail","6":"product_cat-fitting-hdpe","8":"first","9":"instock","10":"shipping-taxable","11":"purchasable","12":"product-type-simple"},"_links":{"self":[{"href":"https:\/\/ferrepuertochile.cl\/index.php\/wp-json\/wp\/v2\/product\/9826","targetHints":{"allow":["GET"]}}],"collection":[{"href":"https:\/\/ferrepuertochile.cl\/index.php\/wp-json\/wp\/v2\/product"}],"about":[{"href":"https:\/\/ferrepuertochile.cl\/index.php\/wp-json\/wp\/v2\/types\/product"}],"wp:featuredmedia":[{"embeddable":true,"href":"https:\/\/ferrepuertochile.cl\/index.php\/wp-json\/wp\/v2\/media\/9827"}],"wp:attachment":[{"href":"https:\/\/ferrepuertochile.cl\/index.php\/wp-json\/wp\/v2\/media?parent=9826"}],"wp:term":[{"taxonomy":"product_brand","embeddable":true,"href":"https:\/\/ferrepuertochile.cl\/index.php\/wp-json\/wp\/v2\/product_brand?post=9826"},{"taxonomy":"product_cat","embeddable":true,"href":"https:\/\/ferrepuertochile.cl\/index.php\/wp-json\/wp\/v2\/product_cat?post=9826"},{"taxonomy":"product_tag","embeddable":true,"href":"https:\/\/ferrepuertochile.cl\/index.php\/wp-json\/wp\/v2\/product_tag?post=9826"}],"curies":[{"name":"wp","href":"https:\/\/api.w.org\/{rel}","templated":true}]}}