{"id":9819,"date":"2024-05-23T19:04:24","date_gmt":"2024-05-23T22:04:24","guid":{"rendered":"https:\/\/ferrepuertochile.cl\/?post_type=product&#038;p=9819"},"modified":"2025-03-10T12:05:11","modified_gmt":"2025-03-10T15:05:11","slug":"tee-hdpe-110mm","status":"publish","type":"product","link":"https:\/\/ferrepuertochile.cl\/index.php\/producto\/tee-hdpe-110mm\/","title":{"rendered":"Tee HDPE 110 Mm"},"content":{"rendered":"<p>La Tee de Presi\u00f3n es un accesorio empleado para unir 3 tuber\u00edas de Presi\u00f3n que provengan de 3 lados distinto. Dentro del rubro de plomer\u00eda y gasfiter\u00eda, los fittings cumplen la funci\u00f3n de conectar y desviar el curso de tuber\u00edas para conducir fluidos. Utiliza sistema de uni\u00f3n cementado por ambos lados. Est\u00e1 elaborado en HDPE, uno de los materiales m\u00e1s resistentes y usados para este tipo de productos ya que es resistente a la corrosi\u00f3n y al desgaste.<\/p>\n","protected":false},"excerpt":{"rendered":"<p>La Tee de Presi\u00f3n es un accesorio empleado para unir 3 tuber\u00edas de Presi\u00f3n que provengan de 3 lados distinto. Dentro del rubro de plomer\u00eda y gasfiter\u00eda, los fittings cumplen la funci\u00f3n de conectar y desviar el curso de tuber\u00edas para conducir fluidos. Utiliza sistema de uni\u00f3n cementado por ambos lados. Est\u00e1 elaborado en HDPE,&#8230;<\/p>\n","protected":false},"featured_media":9820,"template":"","meta":[],"product_brand":[],"product_cat":[212],"product_tag":[],"class_list":{"0":"post-9819","1":"product","2":"type-product","3":"status-publish","4":"has-post-thumbnail","6":"product_cat-fitting-hdpe","8":"first","9":"instock","10":"shipping-taxable","11":"purchasable","12":"product-type-simple"},"_links":{"self":[{"href":"https:\/\/ferrepuertochile.cl\/index.php\/wp-json\/wp\/v2\/product\/9819","targetHints":{"allow":["GET"]}}],"collection":[{"href":"https:\/\/ferrepuertochile.cl\/index.php\/wp-json\/wp\/v2\/product"}],"about":[{"href":"https:\/\/ferrepuertochile.cl\/index.php\/wp-json\/wp\/v2\/types\/product"}],"wp:featuredmedia":[{"embeddable":true,"href":"https:\/\/ferrepuertochile.cl\/index.php\/wp-json\/wp\/v2\/media\/9820"}],"wp:attachment":[{"href":"https:\/\/ferrepuertochile.cl\/index.php\/wp-json\/wp\/v2\/media?parent=9819"}],"wp:term":[{"taxonomy":"product_brand","embeddable":true,"href":"https:\/\/ferrepuertochile.cl\/index.php\/wp-json\/wp\/v2\/product_brand?post=9819"},{"taxonomy":"product_cat","embeddable":true,"href":"https:\/\/ferrepuertochile.cl\/index.php\/wp-json\/wp\/v2\/product_cat?post=9819"},{"taxonomy":"product_tag","embeddable":true,"href":"https:\/\/ferrepuertochile.cl\/index.php\/wp-json\/wp\/v2\/product_tag?post=9819"}],"curies":[{"name":"wp","href":"https:\/\/api.w.org\/{rel}","templated":true}]}}