{"id":9808,"date":"2024-05-23T14:43:11","date_gmt":"2024-05-23T17:43:11","guid":{"rendered":"https:\/\/ferrepuertochile.cl\/?post_type=product&#038;p=9808"},"modified":"2025-03-10T12:05:29","modified_gmt":"2025-03-10T15:05:29","slug":"buzo-desechable-blanco-rock","status":"publish","type":"product","link":"https:\/\/ferrepuertochile.cl\/index.php\/producto\/buzo-desechable-blanco-rock\/","title":{"rendered":"Buzo Desechable Blanco Rock"},"content":{"rendered":"<div>El buzo Rock desechable blanco, est\u00e1 hecho de material micro poroso no tejido y libre de fibras, ofreciendo una efectiva barrera de protecci\u00f3n contra proyecci\u00f3n de polvos peligrosos y salpicaduras de l\u00edquidos leves.<\/div>\n<div>\n<div>El uso del buzo Rock desechable blanco, aplica en general como barrera de protecci\u00f3n en la industria minera, construcci\u00f3n, petroqu\u00edmica, alimentaria, agr\u00edcola, forestal y farmac\u00e9utica entre otras, aplicando por su versatilidad a cualquier proceso donde existan contaminantes susceptibles de entrar en contacto con la piel del usuario.<\/div>\n<\/div>\n","protected":false},"excerpt":{"rendered":"<p>El buzo Rock desechable blanco, est\u00e1 hecho de material micro poroso no tejido y libre de fibras, ofreciendo una efectiva barrera de protecci\u00f3n contra proyecci\u00f3n de polvos peligrosos y salpicaduras de l\u00edquidos leves. El uso del buzo Rock desechable blanco, aplica en general como barrera de protecci\u00f3n en la industria minera, construcci\u00f3n, petroqu\u00edmica, alimentaria, agr\u00edcola,&#8230;<\/p>\n","protected":false},"featured_media":9809,"template":"","meta":[],"product_brand":[],"product_cat":[201,202],"product_tag":[],"class_list":{"0":"post-9808","1":"product","2":"type-product","3":"status-publish","4":"has-post-thumbnail","6":"product_cat-ropa-de-trabajo","7":"product_cat-ropa-impermeable","9":"first","10":"instock","11":"shipping-taxable","12":"purchasable","13":"product-type-simple"},"_links":{"self":[{"href":"https:\/\/ferrepuertochile.cl\/index.php\/wp-json\/wp\/v2\/product\/9808","targetHints":{"allow":["GET"]}}],"collection":[{"href":"https:\/\/ferrepuertochile.cl\/index.php\/wp-json\/wp\/v2\/product"}],"about":[{"href":"https:\/\/ferrepuertochile.cl\/index.php\/wp-json\/wp\/v2\/types\/product"}],"wp:featuredmedia":[{"embeddable":true,"href":"https:\/\/ferrepuertochile.cl\/index.php\/wp-json\/wp\/v2\/media\/9809"}],"wp:attachment":[{"href":"https:\/\/ferrepuertochile.cl\/index.php\/wp-json\/wp\/v2\/media?parent=9808"}],"wp:term":[{"taxonomy":"product_brand","embeddable":true,"href":"https:\/\/ferrepuertochile.cl\/index.php\/wp-json\/wp\/v2\/product_brand?post=9808"},{"taxonomy":"product_cat","embeddable":true,"href":"https:\/\/ferrepuertochile.cl\/index.php\/wp-json\/wp\/v2\/product_cat?post=9808"},{"taxonomy":"product_tag","embeddable":true,"href":"https:\/\/ferrepuertochile.cl\/index.php\/wp-json\/wp\/v2\/product_tag?post=9808"}],"curies":[{"name":"wp","href":"https:\/\/api.w.org\/{rel}","templated":true}]}}