{"id":9780,"date":"2024-05-23T10:56:08","date_gmt":"2024-05-23T13:56:08","guid":{"rendered":"https:\/\/ferrepuertochile.cl\/?post_type=product&#038;p=9780"},"modified":"2025-03-10T12:05:10","modified_gmt":"2025-03-10T15:05:10","slug":"copla-hdpe-25mm-p-e-100","status":"publish","type":"product","link":"https:\/\/ferrepuertochile.cl\/index.php\/producto\/copla-hdpe-25mm-p-e-100\/","title":{"rendered":"Copla HDPE 25 Mm PE 100"},"content":{"rendered":"<p>Copla de compresi\u00f3n para conexi\u00f3n de tuber\u00edas termopl\u00e1sticas HDPE, PVC, Planza, entre otros.<br \/>\nNo requiere adhesivos. Permite su instalaci\u00f3n en tuber\u00edas h\u00famedas.<\/p>\n","protected":false},"excerpt":{"rendered":"<p>Copla de compresi\u00f3n para conexi\u00f3n de tuber\u00edas termopl\u00e1sticas HDPE, PVC, Planza, entre otros. No requiere adhesivos. Permite su instalaci\u00f3n en tuber\u00edas h\u00famedas.<\/p>\n","protected":false},"featured_media":9777,"template":"","meta":[],"product_brand":[],"product_cat":[212],"product_tag":[],"class_list":{"0":"post-9780","1":"product","2":"type-product","3":"status-publish","4":"has-post-thumbnail","6":"product_cat-fitting-hdpe","8":"first","9":"instock","10":"shipping-taxable","11":"purchasable","12":"product-type-simple"},"_links":{"self":[{"href":"https:\/\/ferrepuertochile.cl\/index.php\/wp-json\/wp\/v2\/product\/9780","targetHints":{"allow":["GET"]}}],"collection":[{"href":"https:\/\/ferrepuertochile.cl\/index.php\/wp-json\/wp\/v2\/product"}],"about":[{"href":"https:\/\/ferrepuertochile.cl\/index.php\/wp-json\/wp\/v2\/types\/product"}],"wp:featuredmedia":[{"embeddable":true,"href":"https:\/\/ferrepuertochile.cl\/index.php\/wp-json\/wp\/v2\/media\/9777"}],"wp:attachment":[{"href":"https:\/\/ferrepuertochile.cl\/index.php\/wp-json\/wp\/v2\/media?parent=9780"}],"wp:term":[{"taxonomy":"product_brand","embeddable":true,"href":"https:\/\/ferrepuertochile.cl\/index.php\/wp-json\/wp\/v2\/product_brand?post=9780"},{"taxonomy":"product_cat","embeddable":true,"href":"https:\/\/ferrepuertochile.cl\/index.php\/wp-json\/wp\/v2\/product_cat?post=9780"},{"taxonomy":"product_tag","embeddable":true,"href":"https:\/\/ferrepuertochile.cl\/index.php\/wp-json\/wp\/v2\/product_tag?post=9780"}],"curies":[{"name":"wp","href":"https:\/\/api.w.org\/{rel}","templated":true}]}}