{"id":9754,"date":"2024-05-21T13:19:36","date_gmt":"2024-05-21T16:19:36","guid":{"rendered":"https:\/\/ferrepuertochile.cl\/?post_type=product&#038;p=9754"},"modified":"2025-03-10T12:05:22","modified_gmt":"2025-03-10T15:05:22","slug":"adhesivo-pvc-lata-hoffens-240-cc-secado-rapido","status":"publish","type":"product","link":"https:\/\/ferrepuertochile.cl\/index.php\/producto\/adhesivo-pvc-lata-hoffens-240-cc-secado-rapido\/","title":{"rendered":"Adhesivo PVC Lata 240 Cc Secado R\u00e1pido Hoffens"},"content":{"rendered":"<div id=\"product-description-short-432\">\n<p>Est\u00e1 formulado para uniones de PVC, tanto tuber\u00edas como fittings, que permiten una soldadura por solvente en fr\u00edo, asegurando un pegado r\u00e1pido y seguro. Es recomendado para instalaciones hidr\u00e1ulicas, sanitarias y el\u00e9ctricas (conduit).<\/p>\n<p><strong>Nueva F\u00f3rmula producto con baja emisi\u00f3n de compuestos org\u00e1nicos vol\u00e1tiles, que reduce el da\u00f1o al medio ambiente y disminuye el riesgo a la salud de las personas<\/strong><\/p>\n<p><strong>Usos:<\/strong>\u00a0PVC presi\u00f3n, PVC Sanitario Gris, PVC Conduit, Tuber\u00eda Schedule y Canaletas PVC.<br \/>\n<strong>Formato:<\/strong>\u00a0 Lata Met\u00e1lica 240cc con tapa rosca herm\u00e9tica. Incluye aplicador.<br \/>\n<strong>Consistencia:\u00a0<\/strong>Viscosidad media.<br \/>\n<strong>Secado:\u00a0<\/strong>r\u00e1pido.<br \/>\n<strong>Duraci\u00f3n:<\/strong>\u00a03 a\u00f1os.<br \/>\n<strong>Color:<\/strong>\u00a0Transparente.<br \/>\n<strong>Di\u00e1metros:<\/strong>\u00a0Recomendado hasta 140mm de di\u00e1metro, en conducci\u00f3n de agua fr\u00eda.<br \/>\n<strong>Empaque:\u00a0<\/strong>\u00a024 unidades.<\/p>\n<p><strong>CERTIFICACI\u00d3N<\/strong><\/p>\n<ul>\n<li>ISO CASCO 5 Marca de Conformidad (CESMEC \u2013 BUREAU VERITAS)<\/li>\n<\/ul>\n<p><strong>NORMAS DE REFERENCIA<\/strong><\/p>\n<ul>\n<li>ASTM D 2564 \u201cStandard Specification for Solvent Cements for Poly (Vinyl Chloride) (PVC) Plastic Piping Systems\u201d.<\/li>\n<li>NCh 2190 Sustancias peligrosas \u2013 Marcas para informaci\u00f3n de riesgos.<\/li>\n<li>NCh 2120 Sustancias peligrosas &#8211; L\u00edquidos inflamables y combustibles.<\/li>\n<\/ul>\n<p><strong>Rendimiento Aproximado:<\/strong><\/p>\n<p>\u00f8 16mm = 120 uniones<br \/>\n\u00f8 20mm = 80 uniones<br \/>\n\u00f8 25mm = 70 uniones<br \/>\n\u00f8 32mm = 60 uniones<br \/>\n\u00f8 40mm = 45 uniones<br \/>\n\u00f8 50mm = 35 uniones<br \/>\n\u00f8 63mm = 30 uniones<br \/>\n\u00f8 75mm = 20 uniones<br \/>\n\u00f8 90mm = 12 uniones<br \/>\n\u00f8 110mm = 8 uniones<br \/>\n\u00f8 125mm = 7 uniones<br \/>\n\u00f8 140mm = 6 uniones<br \/>\n\u00f8 160mm = 5 uniones<\/p>\n<\/div>\n","protected":false},"excerpt":{"rendered":"<p>Est\u00e1 formulado para uniones de PVC, tanto tuber\u00edas como fittings, que permiten una soldadura por solvente en fr\u00edo, asegurando un pegado r\u00e1pido y seguro. Es recomendado para instalaciones hidr\u00e1ulicas, sanitarias y el\u00e9ctricas (conduit). Nueva F\u00f3rmula producto con baja emisi\u00f3n de compuestos org\u00e1nicos vol\u00e1tiles, que reduce el da\u00f1o al medio ambiente y disminuye el riesgo a&#8230;<\/p>\n","protected":false},"featured_media":10237,"template":"","meta":[],"product_brand":[],"product_cat":[352,169,208,209,248],"product_tag":[],"class_list":{"0":"post-9754","1":"product","2":"type-product","3":"status-publish","4":"has-post-thumbnail","6":"product_cat-adhesivos-para-pvc","7":"product_cat-fijaciones-adhesivas","8":"product_cat-fitting-pvc-hidraulico","9":"product_cat-fitting-pvc-sanitario","10":"product_cat-conduits-y-fitting","12":"first","13":"instock","14":"shipping-taxable","15":"purchasable","16":"product-type-simple"},"_links":{"self":[{"href":"https:\/\/ferrepuertochile.cl\/index.php\/wp-json\/wp\/v2\/product\/9754","targetHints":{"allow":["GET"]}}],"collection":[{"href":"https:\/\/ferrepuertochile.cl\/index.php\/wp-json\/wp\/v2\/product"}],"about":[{"href":"https:\/\/ferrepuertochile.cl\/index.php\/wp-json\/wp\/v2\/types\/product"}],"wp:featuredmedia":[{"embeddable":true,"href":"https:\/\/ferrepuertochile.cl\/index.php\/wp-json\/wp\/v2\/media\/10237"}],"wp:attachment":[{"href":"https:\/\/ferrepuertochile.cl\/index.php\/wp-json\/wp\/v2\/media?parent=9754"}],"wp:term":[{"taxonomy":"product_brand","embeddable":true,"href":"https:\/\/ferrepuertochile.cl\/index.php\/wp-json\/wp\/v2\/product_brand?post=9754"},{"taxonomy":"product_cat","embeddable":true,"href":"https:\/\/ferrepuertochile.cl\/index.php\/wp-json\/wp\/v2\/product_cat?post=9754"},{"taxonomy":"product_tag","embeddable":true,"href":"https:\/\/ferrepuertochile.cl\/index.php\/wp-json\/wp\/v2\/product_tag?post=9754"}],"curies":[{"name":"wp","href":"https:\/\/api.w.org\/{rel}","templated":true}]}}