{"id":9742,"date":"2024-05-20T21:47:59","date_gmt":"2024-05-21T00:47:59","guid":{"rendered":"https:\/\/ferrepuertochile.cl\/?post_type=product&#038;p=9742"},"modified":"2025-03-10T12:05:02","modified_gmt":"2025-03-10T15:05:02","slug":"reduccion-pvc-sanitario-gris-110x50mm-petroflex","status":"publish","type":"product","link":"https:\/\/ferrepuertochile.cl\/index.php\/producto\/reduccion-pvc-sanitario-gris-110x50mm-petroflex\/","title":{"rendered":"Reducci\u00f3n PVC Sanitario Gris 110 X 50 Mm Petroflex"},"content":{"rendered":"<p>La Reducci\u00f3n Sanitaria es un accesorio empleado para unir tuber\u00edas Sanitarias de distintas dimensiones. Dentro del rubro de plomer\u00eda y gasfiter\u00eda, los fittings cumplen la funci\u00f3n de conectar y desviar el curso de tuber\u00edas para conducir fluidos.<\/p>\n","protected":false},"excerpt":{"rendered":"<p>La Reducci\u00f3n Sanitaria es un accesorio empleado para unir tuber\u00edas Sanitarias de distintas dimensiones. Dentro del rubro de plomer\u00eda y gasfiter\u00eda, los fittings cumplen la funci\u00f3n de conectar y desviar el curso de tuber\u00edas para conducir fluidos.<\/p>\n","protected":false},"featured_media":9743,"template":"","meta":[],"product_brand":[],"product_cat":[209],"product_tag":[],"class_list":{"0":"post-9742","1":"product","2":"type-product","3":"status-publish","4":"has-post-thumbnail","6":"product_cat-fitting-pvc-sanitario","8":"first","9":"instock","10":"shipping-taxable","11":"purchasable","12":"product-type-simple"},"_links":{"self":[{"href":"https:\/\/ferrepuertochile.cl\/index.php\/wp-json\/wp\/v2\/product\/9742","targetHints":{"allow":["GET"]}}],"collection":[{"href":"https:\/\/ferrepuertochile.cl\/index.php\/wp-json\/wp\/v2\/product"}],"about":[{"href":"https:\/\/ferrepuertochile.cl\/index.php\/wp-json\/wp\/v2\/types\/product"}],"wp:featuredmedia":[{"embeddable":true,"href":"https:\/\/ferrepuertochile.cl\/index.php\/wp-json\/wp\/v2\/media\/9743"}],"wp:attachment":[{"href":"https:\/\/ferrepuertochile.cl\/index.php\/wp-json\/wp\/v2\/media?parent=9742"}],"wp:term":[{"taxonomy":"product_brand","embeddable":true,"href":"https:\/\/ferrepuertochile.cl\/index.php\/wp-json\/wp\/v2\/product_brand?post=9742"},{"taxonomy":"product_cat","embeddable":true,"href":"https:\/\/ferrepuertochile.cl\/index.php\/wp-json\/wp\/v2\/product_cat?post=9742"},{"taxonomy":"product_tag","embeddable":true,"href":"https:\/\/ferrepuertochile.cl\/index.php\/wp-json\/wp\/v2\/product_tag?post=9742"}],"curies":[{"name":"wp","href":"https:\/\/api.w.org\/{rel}","templated":true}]}}