{"id":9735,"date":"2024-05-20T18:50:17","date_gmt":"2024-05-20T21:50:17","guid":{"rendered":"https:\/\/ferrepuertochile.cl\/?post_type=product&#038;p=9735"},"modified":"2025-03-10T12:05:01","modified_gmt":"2025-03-10T15:05:01","slug":"tee-pvc-sanitario-gris-110-x-50-petroflex","status":"publish","type":"product","link":"https:\/\/ferrepuertochile.cl\/index.php\/producto\/tee-pvc-sanitario-gris-110-x-50-petroflex\/","title":{"rendered":"Tee PVC Sanitario Gris 110 X 50 Mm Petroflex"},"content":{"rendered":"<p>La Tee Sanitaria es un accesorio empleado para unir tuber\u00edas Sanitarias de distintas dimensiones. Dentro del rubro de plomer\u00eda y gasfiter\u00eda, los fittings cumplen la funci\u00f3n de conectar y desviar el curso de tuber\u00edas para conducir fluidos.<\/p>\n","protected":false},"excerpt":{"rendered":"<p>La Tee Sanitaria es un accesorio empleado para unir tuber\u00edas Sanitarias de distintas dimensiones. Dentro del rubro de plomer\u00eda y gasfiter\u00eda, los fittings cumplen la funci\u00f3n de conectar y desviar el curso de tuber\u00edas para conducir fluidos.<\/p>\n","protected":false},"featured_media":9736,"template":"","meta":[],"product_brand":[],"product_cat":[209],"product_tag":[],"class_list":{"0":"post-9735","1":"product","2":"type-product","3":"status-publish","4":"has-post-thumbnail","6":"product_cat-fitting-pvc-sanitario","8":"first","9":"instock","10":"shipping-taxable","11":"purchasable","12":"product-type-simple"},"_links":{"self":[{"href":"https:\/\/ferrepuertochile.cl\/index.php\/wp-json\/wp\/v2\/product\/9735","targetHints":{"allow":["GET"]}}],"collection":[{"href":"https:\/\/ferrepuertochile.cl\/index.php\/wp-json\/wp\/v2\/product"}],"about":[{"href":"https:\/\/ferrepuertochile.cl\/index.php\/wp-json\/wp\/v2\/types\/product"}],"wp:featuredmedia":[{"embeddable":true,"href":"https:\/\/ferrepuertochile.cl\/index.php\/wp-json\/wp\/v2\/media\/9736"}],"wp:attachment":[{"href":"https:\/\/ferrepuertochile.cl\/index.php\/wp-json\/wp\/v2\/media?parent=9735"}],"wp:term":[{"taxonomy":"product_brand","embeddable":true,"href":"https:\/\/ferrepuertochile.cl\/index.php\/wp-json\/wp\/v2\/product_brand?post=9735"},{"taxonomy":"product_cat","embeddable":true,"href":"https:\/\/ferrepuertochile.cl\/index.php\/wp-json\/wp\/v2\/product_cat?post=9735"},{"taxonomy":"product_tag","embeddable":true,"href":"https:\/\/ferrepuertochile.cl\/index.php\/wp-json\/wp\/v2\/product_tag?post=9735"}],"curies":[{"name":"wp","href":"https:\/\/api.w.org\/{rel}","templated":true}]}}