{"id":12058,"date":"2026-02-25T09:55:43","date_gmt":"2026-02-25T12:55:43","guid":{"rendered":"https:\/\/ferrepuertochile.cl\/?post_type=product&#038;p=12058"},"modified":"2026-02-25T09:55:43","modified_gmt":"2026-02-25T12:55:43","slug":"cuerda-tejido-de-algodon-de-16-hilos-6mm-x-metro","status":"publish","type":"product","link":"https:\/\/ferrepuertochile.cl\/index.php\/producto\/cuerda-tejido-de-algodon-de-16-hilos-6mm-x-metro\/","title":{"rendered":"CUERDA TEJIDO DE ALGODON DE 16 HILOS 6MM X METRO"},"content":{"rendered":"<p>La cuerda de algod\u00f3n tejido de<span>\u00a0<\/span><strong class=\"Yjhzub\" data-complete=\"true\" data-processed=\"true\">6mm<\/strong><span>\u00a0con construcci\u00f3n de\u00a0<\/span><strong class=\"Yjhzub\" data-complete=\"true\" data-processed=\"true\">16 hilos<\/strong><span>\u00a0(o hebras trenzadas) es un producto com\u00fan en el mercado chileno de cordoner\u00eda y ferreter\u00eda, utilizado principalmente para manualidades, decoraci\u00f3n y tareas ligeras de sujeci\u00f3n.<\/span><\/p>\n","protected":false},"excerpt":{"rendered":"<p>La cuerda de algod\u00f3n tejido de\u00a06mm\u00a0con construcci\u00f3n de\u00a016 hilos\u00a0(o hebras trenzadas) es un producto com\u00fan en el mercado chileno de cordoner\u00eda y ferreter\u00eda, utilizado principalmente para manualidades, decoraci\u00f3n y tareas ligeras de sujeci\u00f3n.<\/p>\n","protected":false},"featured_media":12064,"template":"","meta":[],"product_brand":[],"product_cat":[145,162],"product_tag":[],"class_list":{"0":"post-12058","1":"product","2":"type-product","3":"status-publish","4":"has-post-thumbnail","6":"product_cat-materiales-de-obra","7":"product_cat-ferreteria-menor","9":"first","10":"outofstock","11":"shipping-taxable","12":"purchasable","13":"product-type-simple"},"_links":{"self":[{"href":"https:\/\/ferrepuertochile.cl\/index.php\/wp-json\/wp\/v2\/product\/12058","targetHints":{"allow":["GET"]}}],"collection":[{"href":"https:\/\/ferrepuertochile.cl\/index.php\/wp-json\/wp\/v2\/product"}],"about":[{"href":"https:\/\/ferrepuertochile.cl\/index.php\/wp-json\/wp\/v2\/types\/product"}],"wp:featuredmedia":[{"embeddable":true,"href":"https:\/\/ferrepuertochile.cl\/index.php\/wp-json\/wp\/v2\/media\/12064"}],"wp:attachment":[{"href":"https:\/\/ferrepuertochile.cl\/index.php\/wp-json\/wp\/v2\/media?parent=12058"}],"wp:term":[{"taxonomy":"product_brand","embeddable":true,"href":"https:\/\/ferrepuertochile.cl\/index.php\/wp-json\/wp\/v2\/product_brand?post=12058"},{"taxonomy":"product_cat","embeddable":true,"href":"https:\/\/ferrepuertochile.cl\/index.php\/wp-json\/wp\/v2\/product_cat?post=12058"},{"taxonomy":"product_tag","embeddable":true,"href":"https:\/\/ferrepuertochile.cl\/index.php\/wp-json\/wp\/v2\/product_tag?post=12058"}],"curies":[{"name":"wp","href":"https:\/\/api.w.org\/{rel}","templated":true}]}}