{"id":12052,"date":"2026-02-25T09:33:50","date_gmt":"2026-02-25T12:33:50","guid":{"rendered":"https:\/\/ferrepuertochile.cl\/?post_type=product&#038;p=12052"},"modified":"2026-02-25T09:33:50","modified_gmt":"2026-02-25T12:33:50","slug":"lavamanos-con-pedestal-ceramico-wadfow-415x51x86cm","status":"publish","type":"product","link":"https:\/\/ferrepuertochile.cl\/index.php\/producto\/lavamanos-con-pedestal-ceramico-wadfow-415x51x86cm\/","title":{"rendered":"LAVAMANOS CON PEDESTAL CERAMICO WADFOW 41,5X51X86CM"},"content":{"rendered":"<p>El lavamanos con pedestal cer\u00e1mico de<span>\u00a0<\/span><strong class=\"Yjhzub\" data-complete=\"true\" data-processed=\"true\">41,5 x 51 x 86 cm<\/strong><span>\u00a0es un modelo est\u00e1ndar para ba\u00f1os que optimiza el espacio ocultando las ca\u00f1er\u00edas tras una base vertical. Su altura de 86 cm se ajusta a los est\u00e1ndares ergon\u00f3micos recomendados para la comodidad de la mayor\u00eda de los usuarios.<\/span><\/p>\n","protected":false},"excerpt":{"rendered":"<p>El lavamanos con pedestal cer\u00e1mico de\u00a041,5 x 51 x 86 cm\u00a0es un modelo est\u00e1ndar para ba\u00f1os que optimiza el espacio ocultando las ca\u00f1er\u00edas tras una base vertical. Su altura de 86 cm se ajusta a los est\u00e1ndares ergon\u00f3micos recomendados para la comodidad de la mayor\u00eda de los usuarios.<\/p>\n","protected":false},"featured_media":12056,"template":"","meta":[],"product_brand":[],"product_cat":[543,203],"product_tag":[],"class_list":{"0":"post-12052","1":"product","2":"type-product","3":"status-publish","4":"has-post-thumbnail","6":"product_cat-bano-y-cocina","7":"product_cat-gasfiteria","9":"first","10":"outofstock","11":"shipping-taxable","12":"purchasable","13":"product-type-simple"},"_links":{"self":[{"href":"https:\/\/ferrepuertochile.cl\/index.php\/wp-json\/wp\/v2\/product\/12052","targetHints":{"allow":["GET"]}}],"collection":[{"href":"https:\/\/ferrepuertochile.cl\/index.php\/wp-json\/wp\/v2\/product"}],"about":[{"href":"https:\/\/ferrepuertochile.cl\/index.php\/wp-json\/wp\/v2\/types\/product"}],"wp:featuredmedia":[{"embeddable":true,"href":"https:\/\/ferrepuertochile.cl\/index.php\/wp-json\/wp\/v2\/media\/12056"}],"wp:attachment":[{"href":"https:\/\/ferrepuertochile.cl\/index.php\/wp-json\/wp\/v2\/media?parent=12052"}],"wp:term":[{"taxonomy":"product_brand","embeddable":true,"href":"https:\/\/ferrepuertochile.cl\/index.php\/wp-json\/wp\/v2\/product_brand?post=12052"},{"taxonomy":"product_cat","embeddable":true,"href":"https:\/\/ferrepuertochile.cl\/index.php\/wp-json\/wp\/v2\/product_cat?post=12052"},{"taxonomy":"product_tag","embeddable":true,"href":"https:\/\/ferrepuertochile.cl\/index.php\/wp-json\/wp\/v2\/product_tag?post=12052"}],"curies":[{"name":"wp","href":"https:\/\/api.w.org\/{rel}","templated":true}]}}