{"id":12048,"date":"2026-02-25T09:17:26","date_gmt":"2026-02-25T12:17:26","guid":{"rendered":"https:\/\/ferrepuertochile.cl\/?post_type=product&#038;p=12048"},"modified":"2026-02-25T09:17:27","modified_gmt":"2026-02-25T12:17:27","slug":"grata-copa-bronce-75mm-para-taladro-wadfow","status":"publish","type":"product","link":"https:\/\/ferrepuertochile.cl\/index.php\/producto\/grata-copa-bronce-75mm-para-taladro-wadfow\/","title":{"rendered":"GRATA COPA BRONCE 75MM PARA TALADRO WADFOW"},"content":{"rendered":"<p>Descubre la resistencia y precisi\u00f3n con nuestra Grata Copa de Bronce de 75mm Wadfow. M\u00e1s que una herramienta, es tu compa\u00f1era confiable para desaf\u00edos de limpieza. Esta grata copa de bronce ofrece rendimiento sin complicaciones. Respaldada por la confianza de la marca Wadfow, destaca por su eficacia sin exageraciones. Experimenta la tranquilidad de trabajar con productos que cumplen con tus est\u00e1ndares, proporcionando resultados s\u00f3lidos. Con la Grata Copa de Bronce de Wadfow, cada tarea se vuelve eficiente y confiable, llevando la calidad a tus proyectos de limpieza.<\/p>\n","protected":false},"excerpt":{"rendered":"<p>Descubre la resistencia y precisi\u00f3n con nuestra Grata Copa de Bronce de 75mm Wadfow. M\u00e1s que una herramienta, es tu compa\u00f1era confiable para desaf\u00edos de limpieza. Esta grata copa de bronce ofrece rendimiento sin complicaciones. Respaldada por la confianza de la marca Wadfow, destaca por su eficacia sin exageraciones. Experimenta la tranquilidad de trabajar con&#8230;<\/p>\n","protected":false},"featured_media":12049,"template":"","meta":[],"product_brand":[],"product_cat":[587,521],"product_tag":[],"class_list":{"0":"post-12048","1":"product","2":"type-product","3":"status-publish","4":"has-post-thumbnail","6":"product_cat-accesorios-para-herramientas","7":"product_cat-herramientas-manuales","9":"first","10":"outofstock","11":"shipping-taxable","12":"purchasable","13":"product-type-simple"},"_links":{"self":[{"href":"https:\/\/ferrepuertochile.cl\/index.php\/wp-json\/wp\/v2\/product\/12048","targetHints":{"allow":["GET"]}}],"collection":[{"href":"https:\/\/ferrepuertochile.cl\/index.php\/wp-json\/wp\/v2\/product"}],"about":[{"href":"https:\/\/ferrepuertochile.cl\/index.php\/wp-json\/wp\/v2\/types\/product"}],"wp:featuredmedia":[{"embeddable":true,"href":"https:\/\/ferrepuertochile.cl\/index.php\/wp-json\/wp\/v2\/media\/12049"}],"wp:attachment":[{"href":"https:\/\/ferrepuertochile.cl\/index.php\/wp-json\/wp\/v2\/media?parent=12048"}],"wp:term":[{"taxonomy":"product_brand","embeddable":true,"href":"https:\/\/ferrepuertochile.cl\/index.php\/wp-json\/wp\/v2\/product_brand?post=12048"},{"taxonomy":"product_cat","embeddable":true,"href":"https:\/\/ferrepuertochile.cl\/index.php\/wp-json\/wp\/v2\/product_cat?post=12048"},{"taxonomy":"product_tag","embeddable":true,"href":"https:\/\/ferrepuertochile.cl\/index.php\/wp-json\/wp\/v2\/product_tag?post=12048"}],"curies":[{"name":"wp","href":"https:\/\/api.w.org\/{rel}","templated":true}]}}