{"id":12047,"date":"2026-02-25T09:19:49","date_gmt":"2026-02-25T12:19:49","guid":{"rendered":"https:\/\/ferrepuertochile.cl\/?post_type=product&#038;p=12047"},"modified":"2026-02-25T09:19:49","modified_gmt":"2026-02-25T12:19:49","slug":"rotomartillo-sds-max-1600w-40mm-accs","status":"publish","type":"product","link":"https:\/\/ferrepuertochile.cl\/index.php\/producto\/rotomartillo-sds-max-1600w-40mm-accs\/","title":{"rendered":"ROTOMARTILLO SDS MAX 1600W 40MM + ACCS"},"content":{"rendered":"<p><span>-Encastre r\u00e1pido SDS MAX. -3 Funciones: \u2022 Solo rotaci\u00f3n. \u2022 Rotaci\u00f3n con percutor. \u2022 Funci\u00f3n martillo, s\u00f3lo golpe. -Sistema que reduce las vibraciones al usuario, haciendo el trabajo m\u00e1s confortable. -Interruptor de gran tama\u00f1o para mayor comodidad en el trabajo. -Pr\u00e1ctico malet\u00edn de pl\u00e1stico <\/span><\/p>\n","protected":false},"excerpt":{"rendered":"<p>-Encastre r\u00e1pido SDS MAX. -3 Funciones: \u2022 Solo rotaci\u00f3n. \u2022 Rotaci\u00f3n con percutor. \u2022 Funci\u00f3n martillo, s\u00f3lo golpe. -Sistema que reduce las vibraciones al usuario, haciendo el trabajo m\u00e1s confortable. -Interruptor de gran tama\u00f1o para mayor comodidad en el trabajo. -Pr\u00e1ctico malet\u00edn de pl\u00e1stico<\/p>\n","protected":false},"featured_media":12051,"template":"","meta":[],"product_brand":[],"product_cat":[256,257,263],"product_tag":[],"class_list":{"0":"post-12047","1":"product","2":"type-product","3":"status-publish","4":"has-post-thumbnail","6":"product_cat-herramientas","7":"product_cat-herramientas-electricas-herramientas","8":"product_cat-rotomartillos-y-demoledores","10":"first","11":"outofstock","12":"shipping-taxable","13":"purchasable","14":"product-type-simple"},"_links":{"self":[{"href":"https:\/\/ferrepuertochile.cl\/index.php\/wp-json\/wp\/v2\/product\/12047","targetHints":{"allow":["GET"]}}],"collection":[{"href":"https:\/\/ferrepuertochile.cl\/index.php\/wp-json\/wp\/v2\/product"}],"about":[{"href":"https:\/\/ferrepuertochile.cl\/index.php\/wp-json\/wp\/v2\/types\/product"}],"wp:featuredmedia":[{"embeddable":true,"href":"https:\/\/ferrepuertochile.cl\/index.php\/wp-json\/wp\/v2\/media\/12051"}],"wp:attachment":[{"href":"https:\/\/ferrepuertochile.cl\/index.php\/wp-json\/wp\/v2\/media?parent=12047"}],"wp:term":[{"taxonomy":"product_brand","embeddable":true,"href":"https:\/\/ferrepuertochile.cl\/index.php\/wp-json\/wp\/v2\/product_brand?post=12047"},{"taxonomy":"product_cat","embeddable":true,"href":"https:\/\/ferrepuertochile.cl\/index.php\/wp-json\/wp\/v2\/product_cat?post=12047"},{"taxonomy":"product_tag","embeddable":true,"href":"https:\/\/ferrepuertochile.cl\/index.php\/wp-json\/wp\/v2\/product_tag?post=12047"}],"curies":[{"name":"wp","href":"https:\/\/api.w.org\/{rel}","templated":true}]}}