{"id":12038,"date":"2026-02-25T08:56:11","date_gmt":"2026-02-25T11:56:11","guid":{"rendered":"https:\/\/ferrepuertochile.cl\/?post_type=product&#038;p=12038"},"modified":"2026-02-25T09:46:47","modified_gmt":"2026-02-25T12:46:47","slug":"caja-de-herramientas-metalica-2-capas-wadfow","status":"publish","type":"product","link":"https:\/\/ferrepuertochile.cl\/index.php\/producto\/caja-de-herramientas-metalica-2-capas-wadfow\/","title":{"rendered":"CAJA DE HERRAMIENTAS METALICA 2 CAPAS WADFOW"},"content":{"rendered":"<p>La marca Wadfow ofrece una amplia gama de herramientas de mano dise\u00f1adas para satisfacer las necesidades tanto de profesionales como de aficionados. Reconocida por su excelente relaci\u00f3n calidad-precio, la marca ofrece productos robustos, eficientes y duraderos, ideales para tareas de construcci\u00f3n, mantenimiento y reparaci\u00f3n.<\/p>\n<p><strong>Especificaciones de la Caja de Herramientas:<\/strong><\/p>\n<ul>\n<li>Tama\u00f1o: 404x205x160mm2 capas<\/li>\n<li>1 bandeja de 404 x 205 x 160 mm.<\/li>\n<li>2 bandejas de 404*100*50mm<\/li>\n<li>Material: acero<\/li>\n<li>Peso: 2,55 kg<\/li>\n<li>Espesor del acero: 0,6 ~ 0,8 mm<\/li>\n<li>1 unidad\/caja<\/li>\n<li>Tama\u00f1o del paquete: 455x235x215mm<\/li>\n<\/ul>\n<p><strong>Ventajas de Utilizar una Caja de Herramientas<\/strong><br \/>\nA continuaci\u00f3n, te enlistaremos algunas ventajas de contar con una buena organizaci\u00f3n de herramientas.<\/p>\n<p><strong>Organizaci\u00f3n y Accesibilidad<\/strong><br \/>\nUna caja de herramientas permite mantener todas tus herramientas en un solo lugar, bien organizadas y f\u00e1ciles de encontrar. Esto ahorra tiempo y reduce la frustraci\u00f3n al no tener que buscar herramientas dispersas por diferentes lugares.<\/p>\n<p><strong>Portabilidad<\/strong><br \/>\nLas cajas de herramientas est\u00e1n dise\u00f1adas para ser transportadas f\u00e1cilmente, permiti\u00e9ndote llevar tus herramientas a donde las necesites, ya sea dentro de la casa, en el jard\u00edn, o incluso a lugares de trabajo externos.<\/p>\n<p><strong>Protecci\u00f3n y Durabilidad<\/strong><br \/>\nLas cajas de herramientas protegen tus herramientas de da\u00f1os, suciedad y humedad, extendiendo su vida \u00fatil. Al mantener las herramientas en un entorno controlado, reduces el riesgo de corrosi\u00f3n y otros deterioros.<\/p>\n<p><strong>Seguridad<\/strong><br \/>\nMantener las herramientas guardadas en una caja evita accidentes, especialmente en hogares con ni\u00f1os. Las herramientas afiladas o peligrosas est\u00e1n fuera del alcance, lo que contribuye a un entorno m\u00e1s seguro.<\/p>\n","protected":false},"excerpt":{"rendered":"<p>La marca Wadfow ofrece una amplia gama de herramientas de mano dise\u00f1adas para satisfacer las necesidades tanto de profesionales como de aficionados. Reconocida por su excelente relaci\u00f3n calidad-precio, la marca ofrece productos robustos, eficientes y duraderos, ideales para tareas de construcci\u00f3n, mantenimiento y reparaci\u00f3n. Especificaciones de la Caja de Herramientas: Tama\u00f1o: 404x205x160mm2 capas 1 bandeja&#8230;<\/p>\n","protected":false},"featured_media":12039,"template":"","meta":[],"product_brand":[],"product_cat":[521,256],"product_tag":[],"class_list":{"0":"post-12038","1":"product","2":"type-product","3":"status-publish","4":"has-post-thumbnail","6":"product_cat-herramientas-manuales","7":"product_cat-herramientas","9":"first","10":"outofstock","11":"shipping-taxable","12":"purchasable","13":"product-type-simple"},"_links":{"self":[{"href":"https:\/\/ferrepuertochile.cl\/index.php\/wp-json\/wp\/v2\/product\/12038","targetHints":{"allow":["GET"]}}],"collection":[{"href":"https:\/\/ferrepuertochile.cl\/index.php\/wp-json\/wp\/v2\/product"}],"about":[{"href":"https:\/\/ferrepuertochile.cl\/index.php\/wp-json\/wp\/v2\/types\/product"}],"wp:featuredmedia":[{"embeddable":true,"href":"https:\/\/ferrepuertochile.cl\/index.php\/wp-json\/wp\/v2\/media\/12039"}],"wp:attachment":[{"href":"https:\/\/ferrepuertochile.cl\/index.php\/wp-json\/wp\/v2\/media?parent=12038"}],"wp:term":[{"taxonomy":"product_brand","embeddable":true,"href":"https:\/\/ferrepuertochile.cl\/index.php\/wp-json\/wp\/v2\/product_brand?post=12038"},{"taxonomy":"product_cat","embeddable":true,"href":"https:\/\/ferrepuertochile.cl\/index.php\/wp-json\/wp\/v2\/product_cat?post=12038"},{"taxonomy":"product_tag","embeddable":true,"href":"https:\/\/ferrepuertochile.cl\/index.php\/wp-json\/wp\/v2\/product_tag?post=12038"}],"curies":[{"name":"wp","href":"https:\/\/api.w.org\/{rel}","templated":true}]}}