{"id":12029,"date":"2026-01-27T16:39:24","date_gmt":"2026-01-27T19:39:24","guid":{"rendered":"https:\/\/ferrepuertochile.cl\/?post_type=product&#038;p=12029"},"modified":"2026-01-27T16:39:24","modified_gmt":"2026-01-27T19:39:24","slug":"direct-3-triple-accion-blanco-1-4-galon-record","status":"publish","type":"product","link":"https:\/\/ferrepuertochile.cl\/index.php\/producto\/direct-3-triple-accion-blanco-1-4-galon-record\/","title":{"rendered":"DIRECT 3 TRIPLE ACCION BLANCO 1\/4 GALON RECORD"},"content":{"rendered":"<p>Anticorrosivo triple acci\u00f3n 1\/4 de gal\u00f3n, color blanco.<\/p>\n<p>Acabado brillante<\/p>\n<p>Convertidor de \u00f3xido<\/p>\n<p>Esmalte de terminaci\u00f3n<\/p>\n<ul>\n<li>Esmalte monocomponente<\/li>\n<li>Secado r\u00e1pido<\/li>\n<li>Buena flexibilidad, adherencia y dureza<\/li>\n<li>Uso interior y exterior<\/li>\n<li>Usado como capa de terminaci\u00f3n en estructuras met\u00e1licas en general<\/li>\n<li>Para ambiente de mediana agresividad clim\u00e1tica<\/li>\n<\/ul>\n","protected":false},"excerpt":{"rendered":"<p>Anticorrosivo triple acci\u00f3n 1\/4 de gal\u00f3n, color blanco. Acabado brillante Convertidor de \u00f3xido Esmalte de terminaci\u00f3n Esmalte monocomponente Secado r\u00e1pido Buena flexibilidad, adherencia y dureza Uso interior y exterior Usado como capa de terminaci\u00f3n en estructuras met\u00e1licas en general Para ambiente de mediana agresividad clim\u00e1tica<\/p>\n","protected":false},"featured_media":10721,"template":"","meta":[],"product_brand":[],"product_cat":[300,273,269,270],"product_tag":[],"class_list":{"0":"post-12029","1":"product","2":"type-product","3":"status-publish","4":"has-post-thumbnail","6":"product_cat-anticorrosivas","7":"product_cat-pinturas-especiales","8":"product_cat-pinturas-y-terminaciones","9":"product_cat-todo-pinturas","11":"first","12":"outofstock","13":"shipping-taxable","14":"purchasable","15":"product-type-simple"},"_links":{"self":[{"href":"https:\/\/ferrepuertochile.cl\/index.php\/wp-json\/wp\/v2\/product\/12029","targetHints":{"allow":["GET"]}}],"collection":[{"href":"https:\/\/ferrepuertochile.cl\/index.php\/wp-json\/wp\/v2\/product"}],"about":[{"href":"https:\/\/ferrepuertochile.cl\/index.php\/wp-json\/wp\/v2\/types\/product"}],"wp:featuredmedia":[{"embeddable":true,"href":"https:\/\/ferrepuertochile.cl\/index.php\/wp-json\/wp\/v2\/media\/10721"}],"wp:attachment":[{"href":"https:\/\/ferrepuertochile.cl\/index.php\/wp-json\/wp\/v2\/media?parent=12029"}],"wp:term":[{"taxonomy":"product_brand","embeddable":true,"href":"https:\/\/ferrepuertochile.cl\/index.php\/wp-json\/wp\/v2\/product_brand?post=12029"},{"taxonomy":"product_cat","embeddable":true,"href":"https:\/\/ferrepuertochile.cl\/index.php\/wp-json\/wp\/v2\/product_cat?post=12029"},{"taxonomy":"product_tag","embeddable":true,"href":"https:\/\/ferrepuertochile.cl\/index.php\/wp-json\/wp\/v2\/product_tag?post=12029"}],"curies":[{"name":"wp","href":"https:\/\/api.w.org\/{rel}","templated":true}]}}