{"id":12027,"date":"2026-01-27T15:43:37","date_gmt":"2026-01-27T18:43:37","guid":{"rendered":"https:\/\/ferrepuertochile.cl\/?post_type=product&#038;p=12027"},"modified":"2026-01-27T15:43:37","modified_gmt":"2026-01-27T18:43:37","slug":"llave-manilla-roja-32mm-ppr","status":"publish","type":"product","link":"https:\/\/ferrepuertochile.cl\/index.php\/producto\/llave-manilla-roja-32mm-ppr\/","title":{"rendered":"LLAVE MANILLA ROJA 32MM PPR"},"content":{"rendered":"<p><span>La Llave Manilla Roja 32 mm PPR Gris es un dispositivo de control de flujo utilizado en sistemas de tuber\u00edas. Fabricada en polipropileno random copol\u00edmero (PPR) de color gris, tiene un di\u00e1metro de 32 mm y una manilla roja que permite abrir o cerrar el paso del agua. Es resistente a la corrosi\u00f3n y a altas temperaturas, ideal para instalaciones de agua potable y calefacci\u00f3n. Esta llave facilita el control y regulaci\u00f3n del flujo de agua en el sistema.<\/span><\/p>\n","protected":false},"excerpt":{"rendered":"<p>La Llave Manilla Roja 32 mm PPR Gris es un dispositivo de control de flujo utilizado en sistemas de tuber\u00edas. Fabricada en polipropileno random copol\u00edmero (PPR) de color gris, tiene un di\u00e1metro de 32 mm y una manilla roja que permite abrir o cerrar el paso del agua. Es resistente a la corrosi\u00f3n y a&#8230;<\/p>\n","protected":false},"featured_media":12028,"template":"","meta":[],"product_brand":[],"product_cat":[204,210,203],"product_tag":[],"class_list":{"0":"post-12027","1":"product","2":"type-product","3":"status-publish","4":"has-post-thumbnail","6":"product_cat-canerias-y-fitting","7":"product_cat-fitting-ppr","8":"product_cat-gasfiteria","10":"first","11":"outofstock","12":"shipping-taxable","13":"purchasable","14":"product-type-simple"},"_links":{"self":[{"href":"https:\/\/ferrepuertochile.cl\/index.php\/wp-json\/wp\/v2\/product\/12027","targetHints":{"allow":["GET"]}}],"collection":[{"href":"https:\/\/ferrepuertochile.cl\/index.php\/wp-json\/wp\/v2\/product"}],"about":[{"href":"https:\/\/ferrepuertochile.cl\/index.php\/wp-json\/wp\/v2\/types\/product"}],"wp:featuredmedia":[{"embeddable":true,"href":"https:\/\/ferrepuertochile.cl\/index.php\/wp-json\/wp\/v2\/media\/12028"}],"wp:attachment":[{"href":"https:\/\/ferrepuertochile.cl\/index.php\/wp-json\/wp\/v2\/media?parent=12027"}],"wp:term":[{"taxonomy":"product_brand","embeddable":true,"href":"https:\/\/ferrepuertochile.cl\/index.php\/wp-json\/wp\/v2\/product_brand?post=12027"},{"taxonomy":"product_cat","embeddable":true,"href":"https:\/\/ferrepuertochile.cl\/index.php\/wp-json\/wp\/v2\/product_cat?post=12027"},{"taxonomy":"product_tag","embeddable":true,"href":"https:\/\/ferrepuertochile.cl\/index.php\/wp-json\/wp\/v2\/product_tag?post=12027"}],"curies":[{"name":"wp","href":"https:\/\/api.w.org\/{rel}","templated":true}]}}