{"id":12023,"date":"2026-01-27T15:31:27","date_gmt":"2026-01-27T18:31:27","guid":{"rendered":"https:\/\/ferrepuertochile.cl\/?post_type=product&#038;p=12023"},"modified":"2026-01-27T15:31:27","modified_gmt":"2026-01-27T18:31:27","slug":"tapon-ppr-soldar-32mm","status":"publish","type":"product","link":"https:\/\/ferrepuertochile.cl\/index.php\/producto\/tapon-ppr-soldar-32mm\/","title":{"rendered":"TAPON PPR SOLDAR 32MM"},"content":{"rendered":"<p class=\"content-descriptor-text\">El tap\u00f3n PPR de 32 mm es ideal para sellar tuber\u00edas de polipropileno reticulado (PPR). Su uni\u00f3n mediante termofusi\u00f3n garantiza una conexi\u00f3n segura y duradera, soportando una presi\u00f3n m\u00e1xima de 20 bar. Este tap\u00f3n, de color gris, es una pieza \u00fanica que te permitir\u00e1 bloquear el flujo de agua u otros l\u00edquidos de forma eficiente y confiable. Est\u00e1 fabricado con materiales de primera calidad para asegurar la m\u00e1xima resistencia y durabilidad.<\/p>\n<div><\/div>\n","protected":false},"excerpt":{"rendered":"<p>El tap\u00f3n PPR de 32 mm es ideal para sellar tuber\u00edas de polipropileno reticulado (PPR). Su uni\u00f3n mediante termofusi\u00f3n garantiza una conexi\u00f3n segura y duradera, soportando una presi\u00f3n m\u00e1xima de 20 bar. Este tap\u00f3n, de color gris, es una pieza \u00fanica que te permitir\u00e1 bloquear el flujo de agua u otros l\u00edquidos de forma eficiente&#8230;<\/p>\n","protected":false},"featured_media":12026,"template":"","meta":[],"product_brand":[],"product_cat":[204,210,203],"product_tag":[],"class_list":{"0":"post-12023","1":"product","2":"type-product","3":"status-publish","4":"has-post-thumbnail","6":"product_cat-canerias-y-fitting","7":"product_cat-fitting-ppr","8":"product_cat-gasfiteria","10":"first","11":"outofstock","12":"shipping-taxable","13":"purchasable","14":"product-type-simple"},"_links":{"self":[{"href":"https:\/\/ferrepuertochile.cl\/index.php\/wp-json\/wp\/v2\/product\/12023","targetHints":{"allow":["GET"]}}],"collection":[{"href":"https:\/\/ferrepuertochile.cl\/index.php\/wp-json\/wp\/v2\/product"}],"about":[{"href":"https:\/\/ferrepuertochile.cl\/index.php\/wp-json\/wp\/v2\/types\/product"}],"wp:featuredmedia":[{"embeddable":true,"href":"https:\/\/ferrepuertochile.cl\/index.php\/wp-json\/wp\/v2\/media\/12026"}],"wp:attachment":[{"href":"https:\/\/ferrepuertochile.cl\/index.php\/wp-json\/wp\/v2\/media?parent=12023"}],"wp:term":[{"taxonomy":"product_brand","embeddable":true,"href":"https:\/\/ferrepuertochile.cl\/index.php\/wp-json\/wp\/v2\/product_brand?post=12023"},{"taxonomy":"product_cat","embeddable":true,"href":"https:\/\/ferrepuertochile.cl\/index.php\/wp-json\/wp\/v2\/product_cat?post=12023"},{"taxonomy":"product_tag","embeddable":true,"href":"https:\/\/ferrepuertochile.cl\/index.php\/wp-json\/wp\/v2\/product_tag?post=12023"}],"curies":[{"name":"wp","href":"https:\/\/api.w.org\/{rel}","templated":true}]}}