{"id":12022,"date":"2026-01-27T15:18:28","date_gmt":"2026-01-27T18:18:28","guid":{"rendered":"https:\/\/ferrepuertochile.cl\/?post_type=product&#038;p=12022"},"modified":"2026-01-27T15:18:29","modified_gmt":"2026-01-27T18:18:29","slug":"terminal-he-ppr-gris-32mmx1","status":"publish","type":"product","link":"https:\/\/ferrepuertochile.cl\/index.php\/producto\/terminal-he-ppr-gris-32mmx1\/","title":{"rendered":"TERMINAL HE PPR GRIS 32MMX1&#8243;"},"content":{"rendered":"<p><span>El Terminal HE PPR Gris 32 mm x 1\u201d\u00a0 es un accesorio de tuber\u00eda utilizado para finalizar o conectar una tuber\u00eda de polipropileno random copol\u00edmero (PPR) a un componente con rosca externa. Este terminal tiene un extremo de 32 mm para soldar con tuber\u00edas de PPR y un extremo roscado de 1\/2\u201d para conectar a accesorios o tuber\u00edas met\u00e1licas. Fabricado en PPR de color gris, es resistente a la corrosi\u00f3n y a altas temperaturas, ideal para sistemas de agua potable y calefacci\u00f3n.<\/span><\/p>\n","protected":false},"excerpt":{"rendered":"<p>El Terminal HE PPR Gris 32 mm x 1\u201d\u00a0 es un accesorio de tuber\u00eda utilizado para finalizar o conectar una tuber\u00eda de polipropileno random copol\u00edmero (PPR) a un componente con rosca externa. Este terminal tiene un extremo de 32 mm para soldar con tuber\u00edas de PPR y un extremo roscado de 1\/2\u201d para conectar a&#8230;<\/p>\n","protected":false},"featured_media":12021,"template":"","meta":[],"product_brand":[],"product_cat":[204,210,203],"product_tag":[],"class_list":{"0":"post-12022","1":"product","2":"type-product","3":"status-publish","4":"has-post-thumbnail","6":"product_cat-canerias-y-fitting","7":"product_cat-fitting-ppr","8":"product_cat-gasfiteria","10":"first","11":"outofstock","12":"shipping-taxable","13":"purchasable","14":"product-type-simple"},"_links":{"self":[{"href":"https:\/\/ferrepuertochile.cl\/index.php\/wp-json\/wp\/v2\/product\/12022","targetHints":{"allow":["GET"]}}],"collection":[{"href":"https:\/\/ferrepuertochile.cl\/index.php\/wp-json\/wp\/v2\/product"}],"about":[{"href":"https:\/\/ferrepuertochile.cl\/index.php\/wp-json\/wp\/v2\/types\/product"}],"wp:featuredmedia":[{"embeddable":true,"href":"https:\/\/ferrepuertochile.cl\/index.php\/wp-json\/wp\/v2\/media\/12021"}],"wp:attachment":[{"href":"https:\/\/ferrepuertochile.cl\/index.php\/wp-json\/wp\/v2\/media?parent=12022"}],"wp:term":[{"taxonomy":"product_brand","embeddable":true,"href":"https:\/\/ferrepuertochile.cl\/index.php\/wp-json\/wp\/v2\/product_brand?post=12022"},{"taxonomy":"product_cat","embeddable":true,"href":"https:\/\/ferrepuertochile.cl\/index.php\/wp-json\/wp\/v2\/product_cat?post=12022"},{"taxonomy":"product_tag","embeddable":true,"href":"https:\/\/ferrepuertochile.cl\/index.php\/wp-json\/wp\/v2\/product_tag?post=12022"}],"curies":[{"name":"wp","href":"https:\/\/api.w.org\/{rel}","templated":true}]}}