{"id":12006,"date":"2026-01-26T15:21:41","date_gmt":"2026-01-26T18:21:41","guid":{"rendered":"https:\/\/ferrepuertochile.cl\/?post_type=product&#038;p=12006"},"modified":"2026-01-26T15:21:41","modified_gmt":"2026-01-26T18:21:41","slug":"pino-bruto-volumen-1x2-32m","status":"publish","type":"product","link":"https:\/\/ferrepuertochile.cl\/index.php\/producto\/pino-bruto-volumen-1x2-32m\/","title":{"rendered":"PINO BRUTO VOLUMEN 1X2&#8243; 3,2M"},"content":{"rendered":"<p><span>El Pino Dimensionado Verde es una opci\u00f3n econ\u00f3mica y vers\u00e1til para proyectos temporales. Fabricado con pino radiata, este producto presenta un contenido de humedad superior al 20% y cumple con las especificaciones de la norma NCh 2824 en cuanto a dimensiones y tolerancias. Gracias a su bajo costo, la madera verde es ideal para proyectos transitorios donde se requiere una soluci\u00f3n econ\u00f3mica. Sin embargo, debido a su alto contenido de humedad, no se recomienda para construcciones definitivas. Para proteger la madera durante el almacenamiento y el transporte, este producto cuenta con un ba\u00f1o fungicida que proporciona una protecci\u00f3n temporal contra el desarrollo de hongos y moho. Esto asegura que la madera est\u00e9 en buenas condiciones cuando se utiliza, incluso despu\u00e9s de per\u00edodos prolongados de almacenamiento.<\/span><\/p>\n<p><span>Este producto tiene un porcentaje de humedad por sobre 20% , por lo que se debe usar en construcciones transitorias.<\/span><\/p>\n","protected":false},"excerpt":{"rendered":"<p>El Pino Dimensionado Verde es una opci\u00f3n econ\u00f3mica y vers\u00e1til para proyectos temporales. Fabricado con pino radiata, este producto presenta un contenido de humedad superior al 20% y cumple con las especificaciones de la norma NCh 2824 en cuanto a dimensiones y tolerancias. Gracias a su bajo costo, la madera verde es ideal para proyectos&#8230;<\/p>\n","protected":false},"featured_media":12007,"template":"","meta":[],"product_brand":[],"product_cat":[114,133,130,131,125],"product_tag":[],"class_list":{"0":"post-12006","1":"product","2":"type-product","3":"status-publish","4":"has-post-thumbnail","6":"product_cat-construccion","7":"product_cat-madera-impregnada","8":"product_cat-madera-seca","9":"product_cat-madera-verde","10":"product_cat-maderas-y-tableros","12":"first","13":"outofstock","14":"shipping-taxable","15":"purchasable","16":"product-type-simple"},"_links":{"self":[{"href":"https:\/\/ferrepuertochile.cl\/index.php\/wp-json\/wp\/v2\/product\/12006","targetHints":{"allow":["GET"]}}],"collection":[{"href":"https:\/\/ferrepuertochile.cl\/index.php\/wp-json\/wp\/v2\/product"}],"about":[{"href":"https:\/\/ferrepuertochile.cl\/index.php\/wp-json\/wp\/v2\/types\/product"}],"wp:featuredmedia":[{"embeddable":true,"href":"https:\/\/ferrepuertochile.cl\/index.php\/wp-json\/wp\/v2\/media\/12007"}],"wp:attachment":[{"href":"https:\/\/ferrepuertochile.cl\/index.php\/wp-json\/wp\/v2\/media?parent=12006"}],"wp:term":[{"taxonomy":"product_brand","embeddable":true,"href":"https:\/\/ferrepuertochile.cl\/index.php\/wp-json\/wp\/v2\/product_brand?post=12006"},{"taxonomy":"product_cat","embeddable":true,"href":"https:\/\/ferrepuertochile.cl\/index.php\/wp-json\/wp\/v2\/product_cat?post=12006"},{"taxonomy":"product_tag","embeddable":true,"href":"https:\/\/ferrepuertochile.cl\/index.php\/wp-json\/wp\/v2\/product_tag?post=12006"}],"curies":[{"name":"wp","href":"https:\/\/api.w.org\/{rel}","templated":true}]}}