{"id":12004,"date":"2026-01-26T15:03:07","date_gmt":"2026-01-26T18:03:07","guid":{"rendered":"https:\/\/ferrepuertochile.cl\/?post_type=product&#038;p=12004"},"modified":"2026-01-26T15:03:08","modified_gmt":"2026-01-26T18:03:08","slug":"pino-bruto-volumen-1x3-32m","status":"publish","type":"product","link":"https:\/\/ferrepuertochile.cl\/index.php\/producto\/pino-bruto-volumen-1x3-32m\/","title":{"rendered":"PINO BRUTO VOLUMEN 1X3&#8243; 3,2M"},"content":{"rendered":"<p><span>Si necesitas madera para proyectos de construcci\u00f3n o carpinter\u00eda, el Pino Dimensionado Verde 1&#215;3 cm 3,2 m es una excelente opci\u00f3n. Este pino radiata, con un contenido de humedad mayor al 20%, es ideal para proyectos transitorios. Con un ancho nominal de 3 pulgadas y un espesor nominal de 1 pulgada, te ofrece flexibilidad para tus proyectos. Su acabado bruto y color natural resaltan la belleza de la madera, y su largo de 3,2 metros te permite trabajar con mayor comodidad.<\/span><\/p>\n<p><span>Este producto tiene un porcentaje de humedad por sobre 20% , por lo que se debe usar en construcciones transitorias.<\/span><\/p>\n","protected":false},"excerpt":{"rendered":"<p>Si necesitas madera para proyectos de construcci\u00f3n o carpinter\u00eda, el Pino Dimensionado Verde 1&#215;3 cm 3,2 m es una excelente opci\u00f3n. Este pino radiata, con un contenido de humedad mayor al 20%, es ideal para proyectos transitorios. Con un ancho nominal de 3 pulgadas y un espesor nominal de 1 pulgada, te ofrece flexibilidad para&#8230;<\/p>\n","protected":false},"featured_media":12005,"template":"","meta":[],"product_brand":[],"product_cat":[133,130,131,125],"product_tag":[],"class_list":{"0":"post-12004","1":"product","2":"type-product","3":"status-publish","4":"has-post-thumbnail","6":"product_cat-madera-impregnada","7":"product_cat-madera-seca","8":"product_cat-madera-verde","9":"product_cat-maderas-y-tableros","11":"first","12":"outofstock","13":"shipping-taxable","14":"purchasable","15":"product-type-simple"},"_links":{"self":[{"href":"https:\/\/ferrepuertochile.cl\/index.php\/wp-json\/wp\/v2\/product\/12004","targetHints":{"allow":["GET"]}}],"collection":[{"href":"https:\/\/ferrepuertochile.cl\/index.php\/wp-json\/wp\/v2\/product"}],"about":[{"href":"https:\/\/ferrepuertochile.cl\/index.php\/wp-json\/wp\/v2\/types\/product"}],"wp:featuredmedia":[{"embeddable":true,"href":"https:\/\/ferrepuertochile.cl\/index.php\/wp-json\/wp\/v2\/media\/12005"}],"wp:attachment":[{"href":"https:\/\/ferrepuertochile.cl\/index.php\/wp-json\/wp\/v2\/media?parent=12004"}],"wp:term":[{"taxonomy":"product_brand","embeddable":true,"href":"https:\/\/ferrepuertochile.cl\/index.php\/wp-json\/wp\/v2\/product_brand?post=12004"},{"taxonomy":"product_cat","embeddable":true,"href":"https:\/\/ferrepuertochile.cl\/index.php\/wp-json\/wp\/v2\/product_cat?post=12004"},{"taxonomy":"product_tag","embeddable":true,"href":"https:\/\/ferrepuertochile.cl\/index.php\/wp-json\/wp\/v2\/product_tag?post=12004"}],"curies":[{"name":"wp","href":"https:\/\/api.w.org\/{rel}","templated":true}]}}