{"id":12003,"date":"2026-01-26T14:38:14","date_gmt":"2026-01-26T17:38:14","guid":{"rendered":"https:\/\/ferrepuertochile.cl\/?post_type=product&#038;p=12003"},"modified":"2026-01-26T14:42:17","modified_gmt":"2026-01-26T17:42:17","slug":"tornillo-crs-zincado-6-x-1-5-8","status":"publish","type":"product","link":"https:\/\/ferrepuertochile.cl\/index.php\/producto\/tornillo-crs-zincado-6-x-1-5-8\/","title":{"rendered":"TORNILLO CRS ZINCADO 6 X 1 5\/8&#8242;"},"content":{"rendered":"<p><span>os tornillos CRS Zincados tienen recubrimiento en Zinc lo que protege al tornillo de la oxidaci\u00f3n y la corrosi\u00f3n, mejorando adem\u00e1s su aspecto visual<\/span><br \/>\n<span>La punta CRS es una punta fina afilada y puede perforar vulcanita, madera, tabiques, etc.<\/span><\/p>\n","protected":false},"excerpt":{"rendered":"<p>os tornillos CRS Zincados tienen recubrimiento en Zinc lo que protege al tornillo de la oxidaci\u00f3n y la corrosi\u00f3n, mejorando adem\u00e1s su aspecto visual La punta CRS es una punta fina afilada y puede perforar vulcanita, madera, tabiques, etc.<\/p>\n","protected":false},"featured_media":11922,"template":"","meta":[],"product_brand":[],"product_cat":[162,165,166,163],"product_tag":[],"class_list":{"0":"post-12003","1":"product","2":"type-product","3":"status-publish","4":"has-post-thumbnail","6":"product_cat-ferreteria-menor","7":"product_cat-fijaciones-para-madera","8":"product_cat-fijaciones-para-metal","9":"product_cat-tornillos-clavos-y-fijaciones","11":"first","12":"outofstock","13":"shipping-taxable","14":"purchasable","15":"product-type-simple"},"_links":{"self":[{"href":"https:\/\/ferrepuertochile.cl\/index.php\/wp-json\/wp\/v2\/product\/12003","targetHints":{"allow":["GET"]}}],"collection":[{"href":"https:\/\/ferrepuertochile.cl\/index.php\/wp-json\/wp\/v2\/product"}],"about":[{"href":"https:\/\/ferrepuertochile.cl\/index.php\/wp-json\/wp\/v2\/types\/product"}],"wp:featuredmedia":[{"embeddable":true,"href":"https:\/\/ferrepuertochile.cl\/index.php\/wp-json\/wp\/v2\/media\/11922"}],"wp:attachment":[{"href":"https:\/\/ferrepuertochile.cl\/index.php\/wp-json\/wp\/v2\/media?parent=12003"}],"wp:term":[{"taxonomy":"product_brand","embeddable":true,"href":"https:\/\/ferrepuertochile.cl\/index.php\/wp-json\/wp\/v2\/product_brand?post=12003"},{"taxonomy":"product_cat","embeddable":true,"href":"https:\/\/ferrepuertochile.cl\/index.php\/wp-json\/wp\/v2\/product_cat?post=12003"},{"taxonomy":"product_tag","embeddable":true,"href":"https:\/\/ferrepuertochile.cl\/index.php\/wp-json\/wp\/v2\/product_tag?post=12003"}],"curies":[{"name":"wp","href":"https:\/\/api.w.org\/{rel}","templated":true}]}}