{"id":11908,"date":"2026-01-22T10:06:59","date_gmt":"2026-01-22T13:06:59","guid":{"rendered":"https:\/\/ferrepuertochile.cl\/?post_type=product&#038;p=11908"},"modified":"2026-01-22T10:07:00","modified_gmt":"2026-01-22T13:07:00","slug":"codo-90-soldar-hi-ppr-gris-25mmx3-4","status":"publish","type":"product","link":"https:\/\/ferrepuertochile.cl\/index.php\/producto\/codo-90-soldar-hi-ppr-gris-25mmx3-4\/","title":{"rendered":"CODO 90\u00b0 SOLDAR\/HI PPR GRIS 25MMX3\/4&#8243;"},"content":{"rendered":"<p><span>El Codo 90\u00b0 Soldar\/Hi PPR Gris 25 mm x 3\/4\u201d es un accesorio de tuber\u00eda que permite cambiar la direcci\u00f3n del flujo en un \u00e1ngulo de 90 grados. Este codo tiene un extremo de 25 mm de di\u00e1metro para soldar con tuber\u00edas de PPR y un extremo roscado de 3\/4\u201d para conectar a accesorios o tuber\u00edas met\u00e1licas. Fabricado en polipropileno random copol\u00edmero (PPR) de color gris, es resistente a la corrosi\u00f3n y altas temperaturas, ideal para sistemas de agua potable y calefacci\u00f3n.<\/span><\/p>\n<p>&nbsp;<\/p>\n","protected":false},"excerpt":{"rendered":"<p>El Codo 90\u00b0 Soldar\/Hi PPR Gris 25 mm x 3\/4\u201d es un accesorio de tuber\u00eda que permite cambiar la direcci\u00f3n del flujo en un \u00e1ngulo de 90 grados. Este codo tiene un extremo de 25 mm de di\u00e1metro para soldar con tuber\u00edas de PPR y un extremo roscado de 3\/4\u201d para conectar a accesorios o&#8230;<\/p>\n","protected":false},"featured_media":11909,"template":"","meta":[],"product_brand":[],"product_cat":[204,210,203],"product_tag":[],"class_list":{"0":"post-11908","1":"product","2":"type-product","3":"status-publish","4":"has-post-thumbnail","6":"product_cat-canerias-y-fitting","7":"product_cat-fitting-ppr","8":"product_cat-gasfiteria","10":"first","11":"outofstock","12":"shipping-taxable","13":"purchasable","14":"product-type-simple"},"_links":{"self":[{"href":"https:\/\/ferrepuertochile.cl\/index.php\/wp-json\/wp\/v2\/product\/11908","targetHints":{"allow":["GET"]}}],"collection":[{"href":"https:\/\/ferrepuertochile.cl\/index.php\/wp-json\/wp\/v2\/product"}],"about":[{"href":"https:\/\/ferrepuertochile.cl\/index.php\/wp-json\/wp\/v2\/types\/product"}],"wp:featuredmedia":[{"embeddable":true,"href":"https:\/\/ferrepuertochile.cl\/index.php\/wp-json\/wp\/v2\/media\/11909"}],"wp:attachment":[{"href":"https:\/\/ferrepuertochile.cl\/index.php\/wp-json\/wp\/v2\/media?parent=11908"}],"wp:term":[{"taxonomy":"product_brand","embeddable":true,"href":"https:\/\/ferrepuertochile.cl\/index.php\/wp-json\/wp\/v2\/product_brand?post=11908"},{"taxonomy":"product_cat","embeddable":true,"href":"https:\/\/ferrepuertochile.cl\/index.php\/wp-json\/wp\/v2\/product_cat?post=11908"},{"taxonomy":"product_tag","embeddable":true,"href":"https:\/\/ferrepuertochile.cl\/index.php\/wp-json\/wp\/v2\/product_tag?post=11908"}],"curies":[{"name":"wp","href":"https:\/\/api.w.org\/{rel}","templated":true}]}}