{"id":11892,"date":"2026-01-21T11:36:15","date_gmt":"2026-01-21T14:36:15","guid":{"rendered":"https:\/\/ferrepuertochile.cl\/?post_type=product&#038;p=11892"},"modified":"2026-01-21T11:36:15","modified_gmt":"2026-01-21T14:36:15","slug":"codo-45-ppr-gris-32mm","status":"publish","type":"product","link":"https:\/\/ferrepuertochile.cl\/index.php\/producto\/codo-45-ppr-gris-32mm\/","title":{"rendered":"CODO 45\u00b0 PPR GRIS 32MM"},"content":{"rendered":"<p><span>Este codo PPR, de color gris, tiene un di\u00e1metro de 32 mm y es ideal para la conducci\u00f3n de agua. Su uni\u00f3n mediante termofusi\u00f3n asegura una junta resistente y confiable. Incluye una rosca met\u00e1lica que facilita la conexi\u00f3n con tubos y accesorios de otros materiales, ofreciendo versatilidad en tus instalaciones. El producto incluye una sola pieza.<\/span><\/p>\n<p><span>Fitting para desviar la conducci\u00f3n de agua en tuber\u00edas, Uni\u00f3n mediante termofusi\u00f3n, Contiene rosca met\u00e1lica que permite uniones con tubos y\/o accesorios de otra materialidad.<\/span><\/p>\n","protected":false},"excerpt":{"rendered":"<p>Este codo PPR, de color gris, tiene un di\u00e1metro de 32 mm y es ideal para la conducci\u00f3n de agua. Su uni\u00f3n mediante termofusi\u00f3n asegura una junta resistente y confiable. Incluye una rosca met\u00e1lica que facilita la conexi\u00f3n con tubos y accesorios de otros materiales, ofreciendo versatilidad en tus instalaciones. El producto incluye una sola&#8230;<\/p>\n","protected":false},"featured_media":11893,"template":"","meta":[],"product_brand":[],"product_cat":[204,210,203,15],"product_tag":[],"class_list":{"0":"post-11892","1":"product","2":"type-product","3":"status-publish","4":"has-post-thumbnail","6":"product_cat-canerias-y-fitting","7":"product_cat-fitting-ppr","8":"product_cat-gasfiteria","9":"product_cat-sin-categorizar","11":"first","12":"outofstock","13":"shipping-taxable","14":"purchasable","15":"product-type-simple"},"_links":{"self":[{"href":"https:\/\/ferrepuertochile.cl\/index.php\/wp-json\/wp\/v2\/product\/11892","targetHints":{"allow":["GET"]}}],"collection":[{"href":"https:\/\/ferrepuertochile.cl\/index.php\/wp-json\/wp\/v2\/product"}],"about":[{"href":"https:\/\/ferrepuertochile.cl\/index.php\/wp-json\/wp\/v2\/types\/product"}],"wp:featuredmedia":[{"embeddable":true,"href":"https:\/\/ferrepuertochile.cl\/index.php\/wp-json\/wp\/v2\/media\/11893"}],"wp:attachment":[{"href":"https:\/\/ferrepuertochile.cl\/index.php\/wp-json\/wp\/v2\/media?parent=11892"}],"wp:term":[{"taxonomy":"product_brand","embeddable":true,"href":"https:\/\/ferrepuertochile.cl\/index.php\/wp-json\/wp\/v2\/product_brand?post=11892"},{"taxonomy":"product_cat","embeddable":true,"href":"https:\/\/ferrepuertochile.cl\/index.php\/wp-json\/wp\/v2\/product_cat?post=11892"},{"taxonomy":"product_tag","embeddable":true,"href":"https:\/\/ferrepuertochile.cl\/index.php\/wp-json\/wp\/v2\/product_tag?post=11892"}],"curies":[{"name":"wp","href":"https:\/\/api.w.org\/{rel}","templated":true}]}}