{"id":11879,"date":"2026-01-19T16:24:16","date_gmt":"2026-01-19T19:24:16","guid":{"rendered":"https:\/\/ferrepuertochile.cl\/?post_type=product&#038;p=11879"},"modified":"2026-01-19T16:24:17","modified_gmt":"2026-01-19T19:24:17","slug":"rex-sellante-poliuretano-blanco-regarga-600-ml-pate","status":"publish","type":"product","link":"https:\/\/ferrepuertochile.cl\/index.php\/producto\/rex-sellante-poliuretano-blanco-regarga-600-ml-pate\/","title":{"rendered":"REX SELLANTE POLIURETANO  BLANCO REGARGA 600 ML (PATE)"},"content":{"rendered":"<p><span>Rex Sellante PU es un sellador multiprop\u00f3sito de poliuretano de un componente de alta calidad, ideal para hacer sellados el\u00e1sticos. Producto de alta fuerza adhesiva en gran variedad de superficies. Apto para maderas, metales, pinturas y recubrimientos para metales.\u00a0<\/span><\/p>\n<p><span>Dise\u00f1ado para todo tipo de juntas, como juntas de dilataci\u00f3n, pisos internos, rieles, vidrios, fregaderos y juntas sanitarias. Excelente para sellos y juntas en marcos de ventanas y puertas, uso en techos. Apropiado para juntas verticales y horizontales. Aplicaci\u00f3n como adhesivo el\u00e1stico en la industria automovil\u00edstica, en carrocer\u00edas y ba\u00fales de camiones en partes con trepidaciones, calafate, c\u00e1maras frigor\u00edficas, entre otras.<\/span><\/p>\n<p>Aplicacion<\/p>\n<p><span>El sellado debe realizarse con pistola de calafateo profesional. El sellado de la junta debe realizarse lento con el fin de llenar totalmente la junta, sin que queden burbujas de aire. Si los bordes se han cubierto con cinta de enmascarar, quitarla de inmediato tras la aplicaci\u00f3n del sellante. El sellado es muy dif\u00edcil de remover una vez seco.<\/span><\/p>\n<p>Beneficios del Producto<\/p>\n<p>Mono componente, El\u00e1stico, Bajo Olor, Resistente al envejecimiento e intemperie, Puede pintarse y lijarse, No corrosivo, Curado r\u00e1pido, excelente adherencia en metal y vidrio.<\/p>\n<p>&nbsp;<\/p>\n<p>&nbsp;<\/p>\n<p>&nbsp;<\/p>\n","protected":false},"excerpt":{"rendered":"<p>Rex Sellante PU es un sellador multiprop\u00f3sito de poliuretano de un componente de alta calidad, ideal para hacer sellados el\u00e1sticos. Producto de alta fuerza adhesiva en gran variedad de superficies. Apto para maderas, metales, pinturas y recubrimientos para metales.\u00a0 Dise\u00f1ado para todo tipo de juntas, como juntas de dilataci\u00f3n, pisos internos, rieles, vidrios, fregaderos y&#8230;<\/p>\n","protected":false},"featured_media":11881,"template":"","meta":[],"product_brand":[],"product_cat":[348,114,145,162],"product_tag":[],"class_list":{"0":"post-11879","1":"product","2":"type-product","3":"status-publish","4":"has-post-thumbnail","6":"product_cat-adhesivos","7":"product_cat-construccion","8":"product_cat-materiales-de-obra","9":"product_cat-ferreteria-menor","11":"first","12":"outofstock","13":"shipping-taxable","14":"purchasable","15":"product-type-simple"},"_links":{"self":[{"href":"https:\/\/ferrepuertochile.cl\/index.php\/wp-json\/wp\/v2\/product\/11879","targetHints":{"allow":["GET"]}}],"collection":[{"href":"https:\/\/ferrepuertochile.cl\/index.php\/wp-json\/wp\/v2\/product"}],"about":[{"href":"https:\/\/ferrepuertochile.cl\/index.php\/wp-json\/wp\/v2\/types\/product"}],"wp:featuredmedia":[{"embeddable":true,"href":"https:\/\/ferrepuertochile.cl\/index.php\/wp-json\/wp\/v2\/media\/11881"}],"wp:attachment":[{"href":"https:\/\/ferrepuertochile.cl\/index.php\/wp-json\/wp\/v2\/media?parent=11879"}],"wp:term":[{"taxonomy":"product_brand","embeddable":true,"href":"https:\/\/ferrepuertochile.cl\/index.php\/wp-json\/wp\/v2\/product_brand?post=11879"},{"taxonomy":"product_cat","embeddable":true,"href":"https:\/\/ferrepuertochile.cl\/index.php\/wp-json\/wp\/v2\/product_cat?post=11879"},{"taxonomy":"product_tag","embeddable":true,"href":"https:\/\/ferrepuertochile.cl\/index.php\/wp-json\/wp\/v2\/product_tag?post=11879"}],"curies":[{"name":"wp","href":"https:\/\/api.w.org\/{rel}","templated":true}]}}