{"id":11877,"date":"2026-01-19T15:50:07","date_gmt":"2026-01-19T18:50:07","guid":{"rendered":"https:\/\/ferrepuertochile.cl\/?post_type=product&#038;p=11877"},"modified":"2026-03-17T14:48:42","modified_gmt":"2026-03-17T17:48:42","slug":"tornillo-autoperforantes-hexagonales-c-g-1-100-un","status":"publish","type":"product","link":"https:\/\/ferrepuertochile.cl\/index.php\/producto\/tornillo-autoperforantes-hexagonales-c-g-1-100-un\/","title":{"rendered":"TORNILLO AUTOPERFORANTES HEXAGONALES C\/G 1&#8243; 100 UN"},"content":{"rendered":"<p><span>Dale un toque profesional a tus proyectos con los tornillos autoperforantes. Estos tornillos hexagonales con golilla, de 1&#8243; de largo y 12 mm de di\u00e1metro, son ideales para fijar materiales de metal. Su dise\u00f1o incluye una golilla que asegura una fijaci\u00f3n firme y duradera, evitando que se aflojen con el tiempo. Con un paquete de 100 unidades, tendr\u00e1s suficiente para completar tus trabajos<\/span><\/p>\n","protected":false},"excerpt":{"rendered":"<p>Dale un toque profesional a tus proyectos con los tornillos autoperforantes. Estos tornillos hexagonales con golilla, de 1&#8243; de largo y 12 mm de di\u00e1metro, son ideales para fijar materiales de metal. Su dise\u00f1o incluye una golilla que asegura una fijaci\u00f3n firme y duradera, evitando que se aflojen con el tiempo. Con un paquete de&#8230;<\/p>\n","protected":false},"featured_media":11878,"template":"","meta":[],"product_brand":[],"product_cat":[114,162,166,15,163],"product_tag":[],"class_list":{"0":"post-11877","1":"product","2":"type-product","3":"status-publish","4":"has-post-thumbnail","6":"product_cat-construccion","7":"product_cat-ferreteria-menor","8":"product_cat-fijaciones-para-metal","9":"product_cat-sin-categorizar","10":"product_cat-tornillos-clavos-y-fijaciones","12":"first","13":"outofstock","14":"shipping-taxable","15":"purchasable","16":"product-type-simple"},"_links":{"self":[{"href":"https:\/\/ferrepuertochile.cl\/index.php\/wp-json\/wp\/v2\/product\/11877","targetHints":{"allow":["GET"]}}],"collection":[{"href":"https:\/\/ferrepuertochile.cl\/index.php\/wp-json\/wp\/v2\/product"}],"about":[{"href":"https:\/\/ferrepuertochile.cl\/index.php\/wp-json\/wp\/v2\/types\/product"}],"wp:featuredmedia":[{"embeddable":true,"href":"https:\/\/ferrepuertochile.cl\/index.php\/wp-json\/wp\/v2\/media\/11878"}],"wp:attachment":[{"href":"https:\/\/ferrepuertochile.cl\/index.php\/wp-json\/wp\/v2\/media?parent=11877"}],"wp:term":[{"taxonomy":"product_brand","embeddable":true,"href":"https:\/\/ferrepuertochile.cl\/index.php\/wp-json\/wp\/v2\/product_brand?post=11877"},{"taxonomy":"product_cat","embeddable":true,"href":"https:\/\/ferrepuertochile.cl\/index.php\/wp-json\/wp\/v2\/product_cat?post=11877"},{"taxonomy":"product_tag","embeddable":true,"href":"https:\/\/ferrepuertochile.cl\/index.php\/wp-json\/wp\/v2\/product_tag?post=11877"}],"curies":[{"name":"wp","href":"https:\/\/api.w.org\/{rel}","templated":true}]}}