{"id":11844,"date":"2025-12-31T10:42:08","date_gmt":"2025-12-31T13:42:08","guid":{"rendered":"https:\/\/ferrepuertochile.cl\/?post_type=product&#038;p=11844"},"modified":"2025-12-31T10:42:59","modified_gmt":"2025-12-31T13:42:59","slug":"esmalte-sintetico-rojo-colonial-andes-galon","status":"publish","type":"product","link":"https:\/\/ferrepuertochile.cl\/index.php\/producto\/esmalte-sintetico-rojo-colonial-andes-galon\/","title":{"rendered":"Esmalte Sint\u00e9tico Rojo Colonial Andes Galon"},"content":{"rendered":"<p><strong>Aspectos destacados<\/strong><br \/>\nUso interior y exterior.<br \/>\nTerminaci\u00f3n brillante.<br \/>\nExcelente brillo y protecci\u00f3n.<br \/>\nF\u00e1cil de aplicar y limpiar<\/p>\n","protected":false},"excerpt":{"rendered":"<p>Aspectos destacados Uso interior y exterior. Terminaci\u00f3n brillante. Excelente brillo y protecci\u00f3n. F\u00e1cil de aplicar y limpiar<\/p>\n","protected":false},"featured_media":11832,"template":"","meta":[],"product_brand":[],"product_cat":[269,298,301],"product_tag":[],"class_list":{"0":"post-11844","1":"product","2":"type-product","3":"status-publish","4":"has-post-thumbnail","6":"product_cat-pinturas-y-terminaciones","7":"product_cat-pinturas-especiales-pinturas-y-terminaciones","8":"product_cat-esmaltes-sinteticos","10":"first","11":"outofstock","12":"shipping-taxable","13":"purchasable","14":"product-type-simple"},"_links":{"self":[{"href":"https:\/\/ferrepuertochile.cl\/index.php\/wp-json\/wp\/v2\/product\/11844","targetHints":{"allow":["GET"]}}],"collection":[{"href":"https:\/\/ferrepuertochile.cl\/index.php\/wp-json\/wp\/v2\/product"}],"about":[{"href":"https:\/\/ferrepuertochile.cl\/index.php\/wp-json\/wp\/v2\/types\/product"}],"wp:featuredmedia":[{"embeddable":true,"href":"https:\/\/ferrepuertochile.cl\/index.php\/wp-json\/wp\/v2\/media\/11832"}],"wp:attachment":[{"href":"https:\/\/ferrepuertochile.cl\/index.php\/wp-json\/wp\/v2\/media?parent=11844"}],"wp:term":[{"taxonomy":"product_brand","embeddable":true,"href":"https:\/\/ferrepuertochile.cl\/index.php\/wp-json\/wp\/v2\/product_brand?post=11844"},{"taxonomy":"product_cat","embeddable":true,"href":"https:\/\/ferrepuertochile.cl\/index.php\/wp-json\/wp\/v2\/product_cat?post=11844"},{"taxonomy":"product_tag","embeddable":true,"href":"https:\/\/ferrepuertochile.cl\/index.php\/wp-json\/wp\/v2\/product_tag?post=11844"}],"curies":[{"name":"wp","href":"https:\/\/api.w.org\/{rel}","templated":true}]}}