{"id":11575,"date":"2025-10-16T16:29:45","date_gmt":"2025-10-16T19:29:45","guid":{"rendered":"https:\/\/ferrepuertochile.cl\/?post_type=product&#038;p=11575"},"modified":"2025-12-31T10:32:34","modified_gmt":"2025-12-31T13:32:34","slug":"disco-diamantado-turbo-7180x22x75-mm","status":"publish","type":"product","link":"https:\/\/ferrepuertochile.cl\/index.php\/producto\/disco-diamantado-turbo-7180x22x75-mm\/","title":{"rendered":"DISCO DIAMANTADO TURBO 7&#8243;(180X22X7,5 MM)"},"content":{"rendered":"<ul>\n<li>Disco de corte diamantado tipo universal, turbo, ideal para cortes en ladrillo, cemento y cer\u00e1mica.<\/li>\n<li>Di\u00e1metro: 180mm (7&#8243;).<\/li>\n<li>Di\u00e1metro del eje: 22.2mm (7\/8&#8243;).<\/li>\n<li>Velocidad M\u00e1xima: 8.500min, 80m\/s.<\/li>\n<li>Aplicaci\u00f3n: corte h\u00famedo y en seco.<\/li>\n<\/ul>\n","protected":false},"excerpt":{"rendered":"<p>Disco de corte diamantado tipo universal, turbo, ideal para cortes en ladrillo, cemento y cer\u00e1mica. Di\u00e1metro: 180mm (7&#8243;). Di\u00e1metro del eje: 22.2mm (7\/8&#8243;). Velocidad M\u00e1xima: 8.500min, 80m\/s. Aplicaci\u00f3n: corte h\u00famedo y en seco.<\/p>\n","protected":false},"featured_media":11576,"template":"","meta":[],"product_brand":[],"product_cat":[587,456,260,259],"product_tag":[],"class_list":{"0":"post-11575","1":"product","2":"type-product","3":"status-publish","4":"has-post-thumbnail","6":"product_cat-accesorios-para-herramientas","7":"product_cat-maderas","8":"product_cat-esmeriles","9":"product_cat-sierras","11":"first","12":"outofstock","13":"shipping-taxable","14":"purchasable","15":"product-type-simple"},"_links":{"self":[{"href":"https:\/\/ferrepuertochile.cl\/index.php\/wp-json\/wp\/v2\/product\/11575","targetHints":{"allow":["GET"]}}],"collection":[{"href":"https:\/\/ferrepuertochile.cl\/index.php\/wp-json\/wp\/v2\/product"}],"about":[{"href":"https:\/\/ferrepuertochile.cl\/index.php\/wp-json\/wp\/v2\/types\/product"}],"wp:featuredmedia":[{"embeddable":true,"href":"https:\/\/ferrepuertochile.cl\/index.php\/wp-json\/wp\/v2\/media\/11576"}],"wp:attachment":[{"href":"https:\/\/ferrepuertochile.cl\/index.php\/wp-json\/wp\/v2\/media?parent=11575"}],"wp:term":[{"taxonomy":"product_brand","embeddable":true,"href":"https:\/\/ferrepuertochile.cl\/index.php\/wp-json\/wp\/v2\/product_brand?post=11575"},{"taxonomy":"product_cat","embeddable":true,"href":"https:\/\/ferrepuertochile.cl\/index.php\/wp-json\/wp\/v2\/product_cat?post=11575"},{"taxonomy":"product_tag","embeddable":true,"href":"https:\/\/ferrepuertochile.cl\/index.php\/wp-json\/wp\/v2\/product_tag?post=11575"}],"curies":[{"name":"wp","href":"https:\/\/api.w.org\/{rel}","templated":true}]}}