{"id":11570,"date":"2025-10-16T13:46:34","date_gmt":"2025-10-16T16:46:34","guid":{"rendered":"https:\/\/ferrepuertochile.cl\/?post_type=product&#038;p=11570"},"modified":"2025-12-31T10:32:55","modified_gmt":"2025-12-31T13:32:55","slug":"diablo-24","status":"publish","type":"product","link":"https:\/\/ferrepuertochile.cl\/index.php\/producto\/diablo-24\/","title":{"rendered":"DIABLO 24&#8243;"},"content":{"rendered":"<p><span>Es la Herramientas que necesitaras, con este diablo sacaclavos o pie de cabra podr\u00e1s realizar palancas con facilidad ya sea en trabajos de construcci\u00f3n o carpinter\u00eda entre otros. Tiene cortes y curvas especiales para sacar Clavos o Fijaciones.<\/span><\/p>\n","protected":false},"excerpt":{"rendered":"<p>Es la Herramientas que necesitaras, con este diablo sacaclavos o pie de cabra podr\u00e1s realizar palancas con facilidad ya sea en trabajos de construcci\u00f3n o carpinter\u00eda entre otros. Tiene cortes y curvas especiales para sacar Clavos o Fijaciones.<\/p>\n","protected":false},"featured_media":11571,"template":"","meta":[],"product_brand":[],"product_cat":[521,456,256,114],"product_tag":[],"class_list":{"0":"post-11570","1":"product","2":"type-product","3":"status-publish","4":"has-post-thumbnail","6":"product_cat-herramientas-manuales","7":"product_cat-maderas","8":"product_cat-herramientas","9":"product_cat-construccion","11":"first","12":"outofstock","13":"shipping-taxable","14":"purchasable","15":"product-type-simple"},"_links":{"self":[{"href":"https:\/\/ferrepuertochile.cl\/index.php\/wp-json\/wp\/v2\/product\/11570","targetHints":{"allow":["GET"]}}],"collection":[{"href":"https:\/\/ferrepuertochile.cl\/index.php\/wp-json\/wp\/v2\/product"}],"about":[{"href":"https:\/\/ferrepuertochile.cl\/index.php\/wp-json\/wp\/v2\/types\/product"}],"wp:featuredmedia":[{"embeddable":true,"href":"https:\/\/ferrepuertochile.cl\/index.php\/wp-json\/wp\/v2\/media\/11571"}],"wp:attachment":[{"href":"https:\/\/ferrepuertochile.cl\/index.php\/wp-json\/wp\/v2\/media?parent=11570"}],"wp:term":[{"taxonomy":"product_brand","embeddable":true,"href":"https:\/\/ferrepuertochile.cl\/index.php\/wp-json\/wp\/v2\/product_brand?post=11570"},{"taxonomy":"product_cat","embeddable":true,"href":"https:\/\/ferrepuertochile.cl\/index.php\/wp-json\/wp\/v2\/product_cat?post=11570"},{"taxonomy":"product_tag","embeddable":true,"href":"https:\/\/ferrepuertochile.cl\/index.php\/wp-json\/wp\/v2\/product_tag?post=11570"}],"curies":[{"name":"wp","href":"https:\/\/api.w.org\/{rel}","templated":true}]}}