{"id":11559,"date":"2025-10-16T10:35:39","date_gmt":"2025-10-16T13:35:39","guid":{"rendered":"https:\/\/ferrepuertochile.cl\/?post_type=product&#038;p=11559"},"modified":"2025-12-31T10:33:39","modified_gmt":"2025-12-31T13:33:39","slug":"raspador-con-mango-de-aluminio-300mm","status":"publish","type":"product","link":"https:\/\/ferrepuertochile.cl\/index.php\/producto\/raspador-con-mango-de-aluminio-300mm\/","title":{"rendered":"RASPADOR CON MANGO DE ALUMINIO 300MM"},"content":{"rendered":"<p><span>\u00a0herramienta para eliminar pintura, \u00f3xido, adhesivos y otros residuos en diversas superficies. Ofrece un excelente equilibrio entre precisi\u00f3n y fuerza. facilitando el trabajo en cualquier proyecto de carpinter\u00eda, construcci\u00f3n o mantenimiento.<\/span><\/p>\n","protected":false},"excerpt":{"rendered":"<p>\u00a0herramienta para eliminar pintura, \u00f3xido, adhesivos y otros residuos en diversas superficies. Ofrece un excelente equilibrio entre precisi\u00f3n y fuerza. facilitando el trabajo en cualquier proyecto de carpinter\u00eda, construcci\u00f3n o mantenimiento.<\/p>\n","protected":false},"featured_media":11560,"template":"","meta":[],"product_brand":[],"product_cat":[314,456],"product_tag":[],"class_list":{"0":"post-11559","1":"product","2":"type-product","3":"status-publish","4":"has-post-thumbnail","6":"product_cat-espatulas-y-llanas","7":"product_cat-maderas","9":"first","10":"outofstock","11":"shipping-taxable","12":"purchasable","13":"product-type-simple"},"_links":{"self":[{"href":"https:\/\/ferrepuertochile.cl\/index.php\/wp-json\/wp\/v2\/product\/11559","targetHints":{"allow":["GET"]}}],"collection":[{"href":"https:\/\/ferrepuertochile.cl\/index.php\/wp-json\/wp\/v2\/product"}],"about":[{"href":"https:\/\/ferrepuertochile.cl\/index.php\/wp-json\/wp\/v2\/types\/product"}],"wp:featuredmedia":[{"embeddable":true,"href":"https:\/\/ferrepuertochile.cl\/index.php\/wp-json\/wp\/v2\/media\/11560"}],"wp:attachment":[{"href":"https:\/\/ferrepuertochile.cl\/index.php\/wp-json\/wp\/v2\/media?parent=11559"}],"wp:term":[{"taxonomy":"product_brand","embeddable":true,"href":"https:\/\/ferrepuertochile.cl\/index.php\/wp-json\/wp\/v2\/product_brand?post=11559"},{"taxonomy":"product_cat","embeddable":true,"href":"https:\/\/ferrepuertochile.cl\/index.php\/wp-json\/wp\/v2\/product_cat?post=11559"},{"taxonomy":"product_tag","embeddable":true,"href":"https:\/\/ferrepuertochile.cl\/index.php\/wp-json\/wp\/v2\/product_tag?post=11559"}],"curies":[{"name":"wp","href":"https:\/\/api.w.org\/{rel}","templated":true}]}}