{"id":11532,"date":"2025-10-07T11:23:14","date_gmt":"2025-10-07T14:23:14","guid":{"rendered":"https:\/\/ferrepuertochile.cl\/?post_type=product&#038;p=11532"},"modified":"2025-12-31T10:34:46","modified_gmt":"2025-12-31T13:34:46","slug":"pulverizador-a-presion-2-litros-wadfow","status":"publish","type":"product","link":"https:\/\/ferrepuertochile.cl\/index.php\/producto\/pulverizador-a-presion-2-litros-wadfow\/","title":{"rendered":"PULVERIZADOR A PRESION 2 LITROS WADFOW"},"content":{"rendered":"<p><span>\u00a0Recipiente rociador de presi\u00f3n, spray de 2 litros con bomba manual, v\u00e1lvula de seguridad. V\u00e1lvula de gatillo para rociar f\u00e1cilmente.<\/span><br \/>\n<span>Ideal para distribuir fertilizantes y pesticidas para el cuidado de plantas en el jard\u00edn. Funci\u00f3n de presionar y soltar<br \/>\nBoquilla ajustable con chorro recto y pulverizaci\u00f3n de niebla<\/span><br \/>\n<span>Volumen: 2 litros.<\/span><br \/>\n<span>\u00a0Presi\u00f3n m\u00e1x: 2.5 bar.<\/span><\/p>\n","protected":false},"excerpt":{"rendered":"<p>\u00a0Recipiente rociador de presi\u00f3n, spray de 2 litros con bomba manual, v\u00e1lvula de seguridad. V\u00e1lvula de gatillo para rociar f\u00e1cilmente. Ideal para distribuir fertilizantes y pesticidas para el cuidado de plantas en el jard\u00edn. Funci\u00f3n de presionar y soltar Boquilla ajustable con chorro recto y pulverizaci\u00f3n de niebla Volumen: 2 litros. \u00a0Presi\u00f3n m\u00e1x: 2.5 bar.<\/p>\n","protected":false},"featured_media":11533,"template":"","meta":[],"product_brand":[],"product_cat":[675,162,15],"product_tag":[],"class_list":{"0":"post-11532","1":"product","2":"type-product","3":"status-publish","4":"has-post-thumbnail","6":"product_cat-riego-y-jardin","7":"product_cat-ferreteria-menor","8":"product_cat-sin-categorizar","10":"first","11":"outofstock","12":"shipping-taxable","13":"purchasable","14":"product-type-simple"},"_links":{"self":[{"href":"https:\/\/ferrepuertochile.cl\/index.php\/wp-json\/wp\/v2\/product\/11532","targetHints":{"allow":["GET"]}}],"collection":[{"href":"https:\/\/ferrepuertochile.cl\/index.php\/wp-json\/wp\/v2\/product"}],"about":[{"href":"https:\/\/ferrepuertochile.cl\/index.php\/wp-json\/wp\/v2\/types\/product"}],"wp:featuredmedia":[{"embeddable":true,"href":"https:\/\/ferrepuertochile.cl\/index.php\/wp-json\/wp\/v2\/media\/11533"}],"wp:attachment":[{"href":"https:\/\/ferrepuertochile.cl\/index.php\/wp-json\/wp\/v2\/media?parent=11532"}],"wp:term":[{"taxonomy":"product_brand","embeddable":true,"href":"https:\/\/ferrepuertochile.cl\/index.php\/wp-json\/wp\/v2\/product_brand?post=11532"},{"taxonomy":"product_cat","embeddable":true,"href":"https:\/\/ferrepuertochile.cl\/index.php\/wp-json\/wp\/v2\/product_cat?post=11532"},{"taxonomy":"product_tag","embeddable":true,"href":"https:\/\/ferrepuertochile.cl\/index.php\/wp-json\/wp\/v2\/product_tag?post=11532"}],"curies":[{"name":"wp","href":"https:\/\/api.w.org\/{rel}","templated":true}]}}