{"id":11530,"date":"2025-10-07T11:08:54","date_gmt":"2025-10-07T14:08:54","guid":{"rendered":"https:\/\/ferrepuertochile.cl\/?post_type=product&#038;p=11530"},"modified":"2025-12-31T10:34:51","modified_gmt":"2025-12-31T13:34:51","slug":"disco-de-diamante-seco-4-1-2-wadfow","status":"publish","type":"product","link":"https:\/\/ferrepuertochile.cl\/index.php\/producto\/disco-de-diamante-seco-4-1-2-wadfow\/","title":{"rendered":"DISCO DE DIAMANTE SECO 4 1\/2 WADFOW"},"content":{"rendered":"<p><span>El Disco Diamantado Seco Wadfow,\u00a0 \u00a0para cortar materiales duros con precisi\u00f3n y rapidez. Dise\u00f1ado para brindar eficiencia y durabilidad, este disco es esencial en tus tareas de corte en seco. Con su revestimiento de diamante, este disco te permite cortar materiales como cer\u00e1mica, piedra y azulejos con facilidad y sin necesidad de agua. Ya sea que est\u00e9s trabajando en proyectos de construcci\u00f3n, renovaci\u00f3n o cualquier otra tarea que involucre cortar materiales duros, el Disco Diamantado Seco Wadfow te brinda la herramienta adecuada para lograr cortes limpios y precisos en cada aplicaci\u00f3n.\u00a0<\/span><\/p>\n","protected":false},"excerpt":{"rendered":"<p>El Disco Diamantado Seco Wadfow,\u00a0 \u00a0para cortar materiales duros con precisi\u00f3n y rapidez. Dise\u00f1ado para brindar eficiencia y durabilidad, este disco es esencial en tus tareas de corte en seco. Con su revestimiento de diamante, este disco te permite cortar materiales como cer\u00e1mica, piedra y azulejos con facilidad y sin necesidad de agua. Ya sea&#8230;<\/p>\n","protected":false},"featured_media":11531,"template":"","meta":[],"product_brand":[],"product_cat":[179,184,251],"product_tag":[],"class_list":{"0":"post-11530","1":"product","2":"type-product","3":"status-publish","4":"has-post-thumbnail","6":"product_cat-corte-y-desbaste","7":"product_cat-discos-de-pulir-piedras-y-hormigon","8":"product_cat-herramientas-electricas","10":"first","11":"outofstock","12":"shipping-taxable","13":"purchasable","14":"product-type-simple"},"_links":{"self":[{"href":"https:\/\/ferrepuertochile.cl\/index.php\/wp-json\/wp\/v2\/product\/11530","targetHints":{"allow":["GET"]}}],"collection":[{"href":"https:\/\/ferrepuertochile.cl\/index.php\/wp-json\/wp\/v2\/product"}],"about":[{"href":"https:\/\/ferrepuertochile.cl\/index.php\/wp-json\/wp\/v2\/types\/product"}],"wp:featuredmedia":[{"embeddable":true,"href":"https:\/\/ferrepuertochile.cl\/index.php\/wp-json\/wp\/v2\/media\/11531"}],"wp:attachment":[{"href":"https:\/\/ferrepuertochile.cl\/index.php\/wp-json\/wp\/v2\/media?parent=11530"}],"wp:term":[{"taxonomy":"product_brand","embeddable":true,"href":"https:\/\/ferrepuertochile.cl\/index.php\/wp-json\/wp\/v2\/product_brand?post=11530"},{"taxonomy":"product_cat","embeddable":true,"href":"https:\/\/ferrepuertochile.cl\/index.php\/wp-json\/wp\/v2\/product_cat?post=11530"},{"taxonomy":"product_tag","embeddable":true,"href":"https:\/\/ferrepuertochile.cl\/index.php\/wp-json\/wp\/v2\/product_tag?post=11530"}],"curies":[{"name":"wp","href":"https:\/\/api.w.org\/{rel}","templated":true}]}}