{"id":11526,"date":"2025-10-07T10:41:05","date_gmt":"2025-10-07T13:41:05","guid":{"rendered":"https:\/\/ferrepuertochile.cl\/?post_type=product&#038;p=11526"},"modified":"2025-12-31T10:34:59","modified_gmt":"2025-12-31T13:34:59","slug":"caja-de-plastico-16-405x215","status":"publish","type":"product","link":"https:\/\/ferrepuertochile.cl\/index.php\/producto\/caja-de-plastico-16-405x215\/","title":{"rendered":"CAJA DE PL\u00c1STICO 16&#8243; 405X215"},"content":{"rendered":"<p>Caja Pl\u00e1stica con <span>Mango de alta resistencia, con <\/span><span>Cubierta superior con tres zonas de almacenamiento y<\/span><span> con funci\u00f3n de escala.<\/span><br \/>\n<span>Contiene 1 bandeja de pl\u00e1stico; Ideal para herramientas manuales con una Carga m\u00e1xima: 15KG.<\/span><\/p>\n<p>&nbsp;<\/p>\n","protected":false},"excerpt":{"rendered":"<p>Caja Pl\u00e1stica con Mango de alta resistencia, con Cubierta superior con tres zonas de almacenamiento y con funci\u00f3n de escala. Contiene 1 bandeja de pl\u00e1stico; Ideal para herramientas manuales con una Carga m\u00e1xima: 15KG. &nbsp;<\/p>\n","protected":false},"featured_media":11529,"template":"","meta":[],"product_brand":[],"product_cat":[587,521,256],"product_tag":[],"class_list":{"0":"post-11526","1":"product","2":"type-product","3":"status-publish","4":"has-post-thumbnail","6":"product_cat-accesorios-para-herramientas","7":"product_cat-herramientas-manuales","8":"product_cat-herramientas","10":"first","11":"outofstock","12":"shipping-taxable","13":"purchasable","14":"product-type-simple"},"_links":{"self":[{"href":"https:\/\/ferrepuertochile.cl\/index.php\/wp-json\/wp\/v2\/product\/11526","targetHints":{"allow":["GET"]}}],"collection":[{"href":"https:\/\/ferrepuertochile.cl\/index.php\/wp-json\/wp\/v2\/product"}],"about":[{"href":"https:\/\/ferrepuertochile.cl\/index.php\/wp-json\/wp\/v2\/types\/product"}],"wp:featuredmedia":[{"embeddable":true,"href":"https:\/\/ferrepuertochile.cl\/index.php\/wp-json\/wp\/v2\/media\/11529"}],"wp:attachment":[{"href":"https:\/\/ferrepuertochile.cl\/index.php\/wp-json\/wp\/v2\/media?parent=11526"}],"wp:term":[{"taxonomy":"product_brand","embeddable":true,"href":"https:\/\/ferrepuertochile.cl\/index.php\/wp-json\/wp\/v2\/product_brand?post=11526"},{"taxonomy":"product_cat","embeddable":true,"href":"https:\/\/ferrepuertochile.cl\/index.php\/wp-json\/wp\/v2\/product_cat?post=11526"},{"taxonomy":"product_tag","embeddable":true,"href":"https:\/\/ferrepuertochile.cl\/index.php\/wp-json\/wp\/v2\/product_tag?post=11526"}],"curies":[{"name":"wp","href":"https:\/\/api.w.org\/{rel}","templated":true}]}}