{"id":11512,"date":"2025-10-06T12:51:17","date_gmt":"2025-10-06T15:51:17","guid":{"rendered":"https:\/\/ferrepuertochile.cl\/?post_type=product&#038;p=11512"},"modified":"2025-12-31T10:35:25","modified_gmt":"2025-12-31T13:35:25","slug":"juego-de-candado-laminado-4pcs","status":"publish","type":"product","link":"https:\/\/ferrepuertochile.cl\/index.php\/producto\/juego-de-candado-laminado-4pcs\/","title":{"rendered":"JUEGO DE CANDADO LAMINADO 4PCS"},"content":{"rendered":"<p>El juego de candados laminados<span>\u00a0<\/span>incluye<span> 4 unidades <\/span>fabricadas con cuerpo de acero laminado para mayor resistencia contra impactos, cortes y manipulaci\u00f3n indebida. Ideal para asegurar lockers, portones, herramientas, maletas, casilleros y m\u00e1s. Cada candado cuenta con un mecanismo interno de alta seguridad y acabado resistente a la corrosi\u00f3n, ofreciendo un nivel de protecci\u00f3n adecuado tanto para uso en interiores como exteriores.<\/p>\n","protected":false},"excerpt":{"rendered":"<p>El juego de candados laminados\u00a0incluye 4 unidades fabricadas con cuerpo de acero laminado para mayor resistencia contra impactos, cortes y manipulaci\u00f3n indebida. Ideal para asegurar lockers, portones, herramientas, maletas, casilleros y m\u00e1s. Cada candado cuenta con un mecanismo interno de alta seguridad y acabado resistente a la corrosi\u00f3n, ofreciendo un nivel de protecci\u00f3n adecuado tanto&#8230;<\/p>\n","protected":false},"featured_media":11513,"template":"","meta":[],"product_brand":[],"product_cat":[391,456],"product_tag":[],"class_list":{"0":"post-11512","1":"product","2":"type-product","3":"status-publish","4":"has-post-thumbnail","6":"product_cat-cerraduras-y-candados-digitales","7":"product_cat-maderas","9":"first","10":"outofstock","11":"shipping-taxable","12":"purchasable","13":"product-type-simple"},"_links":{"self":[{"href":"https:\/\/ferrepuertochile.cl\/index.php\/wp-json\/wp\/v2\/product\/11512","targetHints":{"allow":["GET"]}}],"collection":[{"href":"https:\/\/ferrepuertochile.cl\/index.php\/wp-json\/wp\/v2\/product"}],"about":[{"href":"https:\/\/ferrepuertochile.cl\/index.php\/wp-json\/wp\/v2\/types\/product"}],"wp:featuredmedia":[{"embeddable":true,"href":"https:\/\/ferrepuertochile.cl\/index.php\/wp-json\/wp\/v2\/media\/11513"}],"wp:attachment":[{"href":"https:\/\/ferrepuertochile.cl\/index.php\/wp-json\/wp\/v2\/media?parent=11512"}],"wp:term":[{"taxonomy":"product_brand","embeddable":true,"href":"https:\/\/ferrepuertochile.cl\/index.php\/wp-json\/wp\/v2\/product_brand?post=11512"},{"taxonomy":"product_cat","embeddable":true,"href":"https:\/\/ferrepuertochile.cl\/index.php\/wp-json\/wp\/v2\/product_cat?post=11512"},{"taxonomy":"product_tag","embeddable":true,"href":"https:\/\/ferrepuertochile.cl\/index.php\/wp-json\/wp\/v2\/product_tag?post=11512"}],"curies":[{"name":"wp","href":"https:\/\/api.w.org\/{rel}","templated":true}]}}