{"id":11510,"date":"2025-10-06T12:35:05","date_gmt":"2025-10-06T15:35:05","guid":{"rendered":"https:\/\/ferrepuertochile.cl\/?post_type=product&#038;p=11510"},"modified":"2025-12-31T10:35:34","modified_gmt":"2025-12-31T13:35:34","slug":"cuchillo-cartonero-9-mm-x-80-mm-con-pulsador-plano","status":"publish","type":"product","link":"https:\/\/ferrepuertochile.cl\/index.php\/producto\/cuchillo-cartonero-9-mm-x-80-mm-con-pulsador-plano\/","title":{"rendered":"CUCHILLO CARTONERO 9 MM X 80 MM CON PULSADOR PLANO"},"content":{"rendered":"<div>Cuchillo cartonero 80mm. Fabricado con acero de aleaci\u00f3n resistente y alta durabilidad. El mango est\u00e1 fabricado con pl\u00e1stico de alta calidad. duradero al impacto.<\/div>\n<div><\/div>\n","protected":false},"excerpt":{"rendered":"<p>Cuchillo cartonero 80mm. Fabricado con acero de aleaci\u00f3n resistente y alta durabilidad. El mango est\u00e1 fabricado con pl\u00e1stico de alta calidad. duradero al impacto.<\/p>\n","protected":false},"featured_media":11511,"template":"","meta":[],"product_brand":[],"product_cat":[162,15],"product_tag":[],"class_list":{"0":"post-11510","1":"product","2":"type-product","3":"status-publish","4":"has-post-thumbnail","6":"product_cat-ferreteria-menor","7":"product_cat-sin-categorizar","9":"first","10":"outofstock","11":"shipping-taxable","12":"purchasable","13":"product-type-simple"},"_links":{"self":[{"href":"https:\/\/ferrepuertochile.cl\/index.php\/wp-json\/wp\/v2\/product\/11510","targetHints":{"allow":["GET"]}}],"collection":[{"href":"https:\/\/ferrepuertochile.cl\/index.php\/wp-json\/wp\/v2\/product"}],"about":[{"href":"https:\/\/ferrepuertochile.cl\/index.php\/wp-json\/wp\/v2\/types\/product"}],"wp:featuredmedia":[{"embeddable":true,"href":"https:\/\/ferrepuertochile.cl\/index.php\/wp-json\/wp\/v2\/media\/11511"}],"wp:attachment":[{"href":"https:\/\/ferrepuertochile.cl\/index.php\/wp-json\/wp\/v2\/media?parent=11510"}],"wp:term":[{"taxonomy":"product_brand","embeddable":true,"href":"https:\/\/ferrepuertochile.cl\/index.php\/wp-json\/wp\/v2\/product_brand?post=11510"},{"taxonomy":"product_cat","embeddable":true,"href":"https:\/\/ferrepuertochile.cl\/index.php\/wp-json\/wp\/v2\/product_cat?post=11510"},{"taxonomy":"product_tag","embeddable":true,"href":"https:\/\/ferrepuertochile.cl\/index.php\/wp-json\/wp\/v2\/product_tag?post=11510"}],"curies":[{"name":"wp","href":"https:\/\/api.w.org\/{rel}","templated":true}]}}