{"id":11503,"date":"2025-10-01T12:18:31","date_gmt":"2025-10-01T15:18:31","guid":{"rendered":"https:\/\/ferrepuertochile.cl\/?post_type=product&#038;p=11503"},"modified":"2025-12-31T10:35:47","modified_gmt":"2025-12-31T13:35:47","slug":"mascarilla-kn95-desechable","status":"publish","type":"product","link":"https:\/\/ferrepuertochile.cl\/index.php\/producto\/mascarilla-kn95-desechable\/","title":{"rendered":"Mascarilla Kn95 Desechable"},"content":{"rendered":"<p><span>Modelo KN95. Mascarilla con el\u00e1stico soldado al respirador, que elimina el uso de ganchos met\u00e1licos. Filtro con tratamiento electrost\u00e1tico, que aumenta la eficiencia de filtrado de las part\u00edculas. Mascara plegable, f\u00e1cil transporte y menor deformaci\u00f3n, con ajuste nasal.<\/span><\/p>\n","protected":false},"excerpt":{"rendered":"<p>Modelo KN95. Mascarilla con el\u00e1stico soldado al respirador, que elimina el uso de ganchos met\u00e1licos. Filtro con tratamiento electrost\u00e1tico, que aumenta la eficiencia de filtrado de las part\u00edculas. Mascara plegable, f\u00e1cil transporte y menor deformaci\u00f3n, con ajuste nasal.<\/p>\n","protected":false},"featured_media":11504,"template":"","meta":[],"product_brand":[],"product_cat":[194,200],"product_tag":[],"class_list":{"0":"post-11503","1":"product","2":"type-product","3":"status-publish","4":"has-post-thumbnail","6":"product_cat-proteccion-personal","7":"product_cat-proteccion-personal-proteccion-facial","9":"first","10":"outofstock","11":"shipping-taxable","12":"purchasable","13":"product-type-simple"},"_links":{"self":[{"href":"https:\/\/ferrepuertochile.cl\/index.php\/wp-json\/wp\/v2\/product\/11503","targetHints":{"allow":["GET"]}}],"collection":[{"href":"https:\/\/ferrepuertochile.cl\/index.php\/wp-json\/wp\/v2\/product"}],"about":[{"href":"https:\/\/ferrepuertochile.cl\/index.php\/wp-json\/wp\/v2\/types\/product"}],"wp:featuredmedia":[{"embeddable":true,"href":"https:\/\/ferrepuertochile.cl\/index.php\/wp-json\/wp\/v2\/media\/11504"}],"wp:attachment":[{"href":"https:\/\/ferrepuertochile.cl\/index.php\/wp-json\/wp\/v2\/media?parent=11503"}],"wp:term":[{"taxonomy":"product_brand","embeddable":true,"href":"https:\/\/ferrepuertochile.cl\/index.php\/wp-json\/wp\/v2\/product_brand?post=11503"},{"taxonomy":"product_cat","embeddable":true,"href":"https:\/\/ferrepuertochile.cl\/index.php\/wp-json\/wp\/v2\/product_cat?post=11503"},{"taxonomy":"product_tag","embeddable":true,"href":"https:\/\/ferrepuertochile.cl\/index.php\/wp-json\/wp\/v2\/product_tag?post=11503"}],"curies":[{"name":"wp","href":"https:\/\/api.w.org\/{rel}","templated":true}]}}