{"id":11501,"date":"2025-10-01T12:05:06","date_gmt":"2025-10-01T15:05:06","guid":{"rendered":"https:\/\/ferrepuertochile.cl\/?post_type=product&#038;p=11501"},"modified":"2025-12-31T10:36:01","modified_gmt":"2025-12-31T13:36:01","slug":"tapon-oido-steelpro-desechable-con-cordon-par","status":"publish","type":"product","link":"https:\/\/ferrepuertochile.cl\/index.php\/producto\/tapon-oido-steelpro-desechable-con-cordon-par\/","title":{"rendered":"Tap\u00f3n O\u00eddo Steelpro Desechable Con Cord\u00f3n (Par)"},"content":{"rendered":"<p><span>Tapones auditivos desechables Steelpro. Hechos de material hipoalerg\u00e9nico con superficie lisa para mayor comodidad en los canales auditivos. Con capacidad de memoria y dise\u00f1o auto expandible, vienen con cord\u00f3n y cumplen con normas de seguridad.<\/span><\/p>\n","protected":false},"excerpt":{"rendered":"<p>Tapones auditivos desechables Steelpro. Hechos de material hipoalerg\u00e9nico con superficie lisa para mayor comodidad en los canales auditivos. Con capacidad de memoria y dise\u00f1o auto expandible, vienen con cord\u00f3n y cumplen con normas de seguridad.<\/p>\n","protected":false},"featured_media":11502,"template":"","meta":[],"product_brand":[],"product_cat":[194,198],"product_tag":[],"class_list":{"0":"post-11501","1":"product","2":"type-product","3":"status-publish","4":"has-post-thumbnail","6":"product_cat-proteccion-personal","7":"product_cat-proteccion-auditiva","9":"first","10":"outofstock","11":"shipping-taxable","12":"purchasable","13":"product-type-simple"},"_links":{"self":[{"href":"https:\/\/ferrepuertochile.cl\/index.php\/wp-json\/wp\/v2\/product\/11501","targetHints":{"allow":["GET"]}}],"collection":[{"href":"https:\/\/ferrepuertochile.cl\/index.php\/wp-json\/wp\/v2\/product"}],"about":[{"href":"https:\/\/ferrepuertochile.cl\/index.php\/wp-json\/wp\/v2\/types\/product"}],"wp:featuredmedia":[{"embeddable":true,"href":"https:\/\/ferrepuertochile.cl\/index.php\/wp-json\/wp\/v2\/media\/11502"}],"wp:attachment":[{"href":"https:\/\/ferrepuertochile.cl\/index.php\/wp-json\/wp\/v2\/media?parent=11501"}],"wp:term":[{"taxonomy":"product_brand","embeddable":true,"href":"https:\/\/ferrepuertochile.cl\/index.php\/wp-json\/wp\/v2\/product_brand?post=11501"},{"taxonomy":"product_cat","embeddable":true,"href":"https:\/\/ferrepuertochile.cl\/index.php\/wp-json\/wp\/v2\/product_cat?post=11501"},{"taxonomy":"product_tag","embeddable":true,"href":"https:\/\/ferrepuertochile.cl\/index.php\/wp-json\/wp\/v2\/product_tag?post=11501"}],"curies":[{"name":"wp","href":"https:\/\/api.w.org\/{rel}","templated":true}]}}