{"id":11498,"date":"2025-10-01T11:54:31","date_gmt":"2025-10-01T14:54:31","guid":{"rendered":"https:\/\/ferrepuertochile.cl\/?post_type=product&#038;p=11498"},"modified":"2025-12-31T10:36:09","modified_gmt":"2025-12-31T13:36:09","slug":"tapon-oido-aviador-desechable-sin-cordon-ec-1001a","status":"publish","type":"product","link":"https:\/\/ferrepuertochile.cl\/index.php\/producto\/tapon-oido-aviador-desechable-sin-cordon-ec-1001a\/","title":{"rendered":"Tap\u00f3n O\u00eddo Aviador Desechable Sin Cord\u00f3n Ec-1001a"},"content":{"rendered":"<p><span>\u00a0El Tap\u00f3n O\u00eddo Aviador Desechable sin Cord\u00f3n, fabricado en PU, se adapta perfectamente a tu o\u00eddo para aislar el ruido y atenuarlo. Su forma de bala suave y texturizada en color naranjo te garantiza comodidad y m\u00e1xima protecci\u00f3n. Par.<\/span><\/p>\n","protected":false},"excerpt":{"rendered":"<p>\u00a0El Tap\u00f3n O\u00eddo Aviador Desechable sin Cord\u00f3n, fabricado en PU, se adapta perfectamente a tu o\u00eddo para aislar el ruido y atenuarlo. Su forma de bala suave y texturizada en color naranjo te garantiza comodidad y m\u00e1xima protecci\u00f3n. Par.<\/p>\n","protected":false},"featured_media":11500,"template":"","meta":[],"product_brand":[],"product_cat":[198,194,185],"product_tag":[],"class_list":{"0":"post-11498","1":"product","2":"type-product","3":"status-publish","4":"has-post-thumbnail","6":"product_cat-proteccion-auditiva","7":"product_cat-proteccion-personal","8":"product_cat-seguridad","10":"first","11":"outofstock","12":"shipping-taxable","13":"purchasable","14":"product-type-simple"},"_links":{"self":[{"href":"https:\/\/ferrepuertochile.cl\/index.php\/wp-json\/wp\/v2\/product\/11498","targetHints":{"allow":["GET"]}}],"collection":[{"href":"https:\/\/ferrepuertochile.cl\/index.php\/wp-json\/wp\/v2\/product"}],"about":[{"href":"https:\/\/ferrepuertochile.cl\/index.php\/wp-json\/wp\/v2\/types\/product"}],"wp:featuredmedia":[{"embeddable":true,"href":"https:\/\/ferrepuertochile.cl\/index.php\/wp-json\/wp\/v2\/media\/11500"}],"wp:attachment":[{"href":"https:\/\/ferrepuertochile.cl\/index.php\/wp-json\/wp\/v2\/media?parent=11498"}],"wp:term":[{"taxonomy":"product_brand","embeddable":true,"href":"https:\/\/ferrepuertochile.cl\/index.php\/wp-json\/wp\/v2\/product_brand?post=11498"},{"taxonomy":"product_cat","embeddable":true,"href":"https:\/\/ferrepuertochile.cl\/index.php\/wp-json\/wp\/v2\/product_cat?post=11498"},{"taxonomy":"product_tag","embeddable":true,"href":"https:\/\/ferrepuertochile.cl\/index.php\/wp-json\/wp\/v2\/product_tag?post=11498"}],"curies":[{"name":"wp","href":"https:\/\/api.w.org\/{rel}","templated":true}]}}