{"id":11495,"date":"2025-10-01T11:37:05","date_gmt":"2025-10-01T14:37:05","guid":{"rendered":"https:\/\/ferrepuertochile.cl\/?post_type=product&#038;p=11495"},"modified":"2025-10-01T11:37:06","modified_gmt":"2025-10-01T14:37:06","slug":"ladrillo-fiscal-29x14x5-5-cm-aprox","status":"publish","type":"product","link":"https:\/\/ferrepuertochile.cl\/index.php\/producto\/ladrillo-fiscal-29x14x5-5-cm-aprox\/","title":{"rendered":"Ladrillo Fiscal 29x14x5.5 cm (APROX)"},"content":{"rendered":"<p><span>El Ladrillo Fiscal es un elemento de gran utilidad para tareas de construcci\u00f3n. Se trata de un art\u00edculo usado habitualmente para la obra gruesa, elaborado a base de barro cocido, es pr\u00e1ctico y funcional tanto para edificar una casa, o en el proceso de construcci\u00f3n de un edificio. Entre las caracter\u00edsticas del Ladrillo Fiscal se puede destacar que los materiales con que fue fabricado garantizan una gran resistencia a variadas temperaturas, lluvias y viento. Art\u00edculo de prolongada vida \u00fatil, que no se desgastar\u00e1 ni producir\u00e1 humedad con el tiempo.<\/span><\/p>\n","protected":false},"excerpt":{"rendered":"<p>El Ladrillo Fiscal es un elemento de gran utilidad para tareas de construcci\u00f3n. Se trata de un art\u00edculo usado habitualmente para la obra gruesa, elaborado a base de barro cocido, es pr\u00e1ctico y funcional tanto para edificar una casa, o en el proceso de construcci\u00f3n de un edificio. Entre las caracter\u00edsticas del Ladrillo Fiscal se&#8230;<\/p>\n","protected":false},"featured_media":11496,"template":"","meta":[],"product_brand":[],"product_cat":[157,158],"product_tag":[],"class_list":{"0":"post-11495","1":"product","2":"type-product","3":"status-publish","4":"has-post-thumbnail","6":"product_cat-ladrillos-bloques-y-pastelones","7":"product_cat-ladrillos","9":"first","10":"outofstock","11":"shipping-taxable","12":"purchasable","13":"product-type-simple"},"_links":{"self":[{"href":"https:\/\/ferrepuertochile.cl\/index.php\/wp-json\/wp\/v2\/product\/11495","targetHints":{"allow":["GET"]}}],"collection":[{"href":"https:\/\/ferrepuertochile.cl\/index.php\/wp-json\/wp\/v2\/product"}],"about":[{"href":"https:\/\/ferrepuertochile.cl\/index.php\/wp-json\/wp\/v2\/types\/product"}],"wp:featuredmedia":[{"embeddable":true,"href":"https:\/\/ferrepuertochile.cl\/index.php\/wp-json\/wp\/v2\/media\/11496"}],"wp:attachment":[{"href":"https:\/\/ferrepuertochile.cl\/index.php\/wp-json\/wp\/v2\/media?parent=11495"}],"wp:term":[{"taxonomy":"product_brand","embeddable":true,"href":"https:\/\/ferrepuertochile.cl\/index.php\/wp-json\/wp\/v2\/product_brand?post=11495"},{"taxonomy":"product_cat","embeddable":true,"href":"https:\/\/ferrepuertochile.cl\/index.php\/wp-json\/wp\/v2\/product_cat?post=11495"},{"taxonomy":"product_tag","embeddable":true,"href":"https:\/\/ferrepuertochile.cl\/index.php\/wp-json\/wp\/v2\/product_tag?post=11495"}],"curies":[{"name":"wp","href":"https:\/\/api.w.org\/{rel}","templated":true}]}}