{"id":11356,"date":"2025-07-22T10:48:01","date_gmt":"2025-07-22T13:48:01","guid":{"rendered":"https:\/\/ferrepuertochile.cl\/?post_type=product&#038;p=11356"},"modified":"2026-03-17T16:01:21","modified_gmt":"2026-03-17T19:01:21","slug":"ampolleta-led-a60-9w-e27-luz-calidad-3000k-megabright","status":"publish","type":"product","link":"https:\/\/ferrepuertochile.cl\/index.php\/producto\/ampolleta-led-a60-9w-e27-luz-calidad-3000k-megabright\/","title":{"rendered":"AMPOLLETA LED A60 9W E27 LUZ CALIDAD 3000K MEGABRIGHT"},"content":{"rendered":"<p><strong>Descripci\u00f3n<\/strong><\/p>\n<ul>\n<li data-start=\"739\" data-end=\"807\">\n<p data-start=\"741\" data-end=\"807\"><strong data-start=\"741\" data-end=\"767\">Eficiencia energ\u00e9tica:<\/strong> <span class=\"relative -mx-px my-[-0.2rem] rounded px-px py-[0.2rem] transition-colors duration-100 ease-in-out\">Equivalente a una bombilla incandescente de 60W, ofreciendo un ahorro significativo en consumo el\u00e9ctrico.<\/span><\/p>\n<\/li>\n<li data-start=\"808\" data-end=\"878\">\n<p data-start=\"810\" data-end=\"878\"><strong data-start=\"810\" data-end=\"838\">Iluminaci\u00f3n confortable:<\/strong> <span class=\"relative -mx-px my-[-0.2rem] rounded px-px py-[0.2rem] transition-colors duration-100 ease-in-out\">Su luz c\u00e1lida de 3000K es ideal para crear ambientes acogedores en espacios como salas de estar, dormitorios y comedores.<\/span><\/p>\n<\/li>\n<li data-start=\"879\" data-end=\"946\">\n<p data-start=\"881\" data-end=\"946\"><strong data-start=\"881\" data-end=\"906\">Instalaci\u00f3n sencilla:<\/strong> <span class=\"relative -mx-px my-[-0.2rem] rounded px-px py-[0.2rem] transition-colors duration-100 ease-in-out\">Gracias a su base E27, es compatible con la mayor\u00eda de las l\u00e1mparas y portal\u00e1mparas est\u00e1ndar.<\/span><\/p>\n<\/li>\n<\/ul>\n","protected":false},"excerpt":{"rendered":"<p>Descripci\u00f3n Eficiencia energ\u00e9tica: Equivalente a una bombilla incandescente de 60W, ofreciendo un ahorro significativo en consumo el\u00e9ctrico. Iluminaci\u00f3n confortable: Su luz c\u00e1lida de 3000K es ideal para crear ambientes acogedores en espacios como salas de estar, dormitorios y comedores. Instalaci\u00f3n sencilla: Gracias a su base E27, es compatible con la mayor\u00eda de las l\u00e1mparas y&#8230;<\/p>\n","protected":false},"featured_media":11357,"template":"","meta":[],"product_brand":[],"product_cat":[15],"product_tag":[],"class_list":{"0":"post-11356","1":"product","2":"type-product","3":"status-publish","4":"has-post-thumbnail","6":"product_cat-sin-categorizar","8":"first","9":"instock","10":"shipping-taxable","11":"purchasable","12":"product-type-simple"},"_links":{"self":[{"href":"https:\/\/ferrepuertochile.cl\/index.php\/wp-json\/wp\/v2\/product\/11356","targetHints":{"allow":["GET"]}}],"collection":[{"href":"https:\/\/ferrepuertochile.cl\/index.php\/wp-json\/wp\/v2\/product"}],"about":[{"href":"https:\/\/ferrepuertochile.cl\/index.php\/wp-json\/wp\/v2\/types\/product"}],"wp:featuredmedia":[{"embeddable":true,"href":"https:\/\/ferrepuertochile.cl\/index.php\/wp-json\/wp\/v2\/media\/11357"}],"wp:attachment":[{"href":"https:\/\/ferrepuertochile.cl\/index.php\/wp-json\/wp\/v2\/media?parent=11356"}],"wp:term":[{"taxonomy":"product_brand","embeddable":true,"href":"https:\/\/ferrepuertochile.cl\/index.php\/wp-json\/wp\/v2\/product_brand?post=11356"},{"taxonomy":"product_cat","embeddable":true,"href":"https:\/\/ferrepuertochile.cl\/index.php\/wp-json\/wp\/v2\/product_cat?post=11356"},{"taxonomy":"product_tag","embeddable":true,"href":"https:\/\/ferrepuertochile.cl\/index.php\/wp-json\/wp\/v2\/product_tag?post=11356"}],"curies":[{"name":"wp","href":"https:\/\/api.w.org\/{rel}","templated":true}]}}