{"id":11339,"date":"2025-07-21T10:26:32","date_gmt":"2025-07-21T13:26:32","guid":{"rendered":"https:\/\/ferrepuertochile.cl\/?post_type=product&#038;p=11339"},"modified":"2025-07-21T10:26:33","modified_gmt":"2025-07-21T13:26:33","slug":"conector-hub-sup-rigidas-m20","status":"publish","type":"product","link":"https:\/\/ferrepuertochile.cl\/index.php\/producto\/conector-hub-sup-rigidas-m20\/","title":{"rendered":"CONECTOR HUB-SUP RIGIDAS M20"},"content":{"rendered":"<p><strong>Especificaciones<\/strong><\/p>\n<div><strong>Peso:<\/strong> 0,08 Kg<\/div>\n<div><\/div>\n<div><strong>Alto:<\/strong> 1,8 Cm<\/div>\n<div><\/div>\n<div><strong>Ancho<\/strong>: 2,1 Cm<\/div>\n<div><\/div>\n<div><strong>Largo:<\/strong> 3,5 Cm<\/div>\n<div><\/div>\n<div>El conector hub rigido, permite la conexi\u00f3n de tuber\u00edas met\u00e1licas flexibles, tubos met\u00e1licos o equipos. Conexi\u00f3n segura y confiable. Protege la seguridad del cable,\u00a0 resistente a l\u00edquidos, grasa y solvente com\u00fan. Posee una fuerte resistencia a la tracci\u00f3n.<\/div>\n","protected":false},"excerpt":{"rendered":"<p>Especificaciones Peso: 0,08 Kg Alto: 1,8 Cm Ancho: 2,1 Cm Largo: 3,5 Cm El conector hub rigido, permite la conexi\u00f3n de tuber\u00edas met\u00e1licas flexibles, tubos met\u00e1licos o equipos. Conexi\u00f3n segura y confiable. Protege la seguridad del cable,\u00a0 resistente a l\u00edquidos, grasa y solvente com\u00fan. Posee una fuerte resistencia a la tracci\u00f3n.<\/p>\n","protected":false},"featured_media":11340,"template":"","meta":[],"product_brand":[],"product_cat":[15],"product_tag":[],"class_list":{"0":"post-11339","1":"product","2":"type-product","3":"status-publish","4":"has-post-thumbnail","6":"product_cat-sin-categorizar","8":"first","9":"instock","10":"shipping-taxable","11":"purchasable","12":"product-type-simple"},"_links":{"self":[{"href":"https:\/\/ferrepuertochile.cl\/index.php\/wp-json\/wp\/v2\/product\/11339","targetHints":{"allow":["GET"]}}],"collection":[{"href":"https:\/\/ferrepuertochile.cl\/index.php\/wp-json\/wp\/v2\/product"}],"about":[{"href":"https:\/\/ferrepuertochile.cl\/index.php\/wp-json\/wp\/v2\/types\/product"}],"wp:featuredmedia":[{"embeddable":true,"href":"https:\/\/ferrepuertochile.cl\/index.php\/wp-json\/wp\/v2\/media\/11340"}],"wp:attachment":[{"href":"https:\/\/ferrepuertochile.cl\/index.php\/wp-json\/wp\/v2\/media?parent=11339"}],"wp:term":[{"taxonomy":"product_brand","embeddable":true,"href":"https:\/\/ferrepuertochile.cl\/index.php\/wp-json\/wp\/v2\/product_brand?post=11339"},{"taxonomy":"product_cat","embeddable":true,"href":"https:\/\/ferrepuertochile.cl\/index.php\/wp-json\/wp\/v2\/product_cat?post=11339"},{"taxonomy":"product_tag","embeddable":true,"href":"https:\/\/ferrepuertochile.cl\/index.php\/wp-json\/wp\/v2\/product_tag?post=11339"}],"curies":[{"name":"wp","href":"https:\/\/api.w.org\/{rel}","templated":true}]}}