{"id":11332,"date":"2025-07-21T09:56:08","date_gmt":"2025-07-21T12:56:08","guid":{"rendered":"https:\/\/ferrepuertochile.cl\/?post_type=product&#038;p=11332"},"modified":"2025-07-21T10:06:38","modified_gmt":"2025-07-21T13:06:38","slug":"tuberia-emt-20mm-x-3000mm-1mm","status":"publish","type":"product","link":"https:\/\/ferrepuertochile.cl\/index.php\/producto\/tuberia-emt-20mm-x-3000mm-1mm\/","title":{"rendered":"COPLA EMT 20MM"},"content":{"rendered":"<p><strong>ESPECIFICACIONES<\/strong><br \/>\n<strong>Material<\/strong>: Acero Galvanizado<br \/>\n<strong>Dimensiones:<\/strong> 20mm<br \/>\n<strong>Peso<\/strong>:\u00a0 37 g<\/p>\n<p><strong>DESCRIPCI\u00d3N<\/strong><br \/>\nAccesorio de alta calidad dise\u00f1ado para ser utilizado en sistemas el\u00e9ctricos, fabricado con materiales de alta calidad y acabado Galvanizado, con\u00a0 una excelente resistencia a la corrosi\u00f3n y a las inclemencias que presenten los factores climaticos.<\/p>\n<p>Este accesorio cuenta con un sistema de acople r\u00e1pido que permite unir dos tubos, o un tubo a una curva, con solo apretar los tornillos de fijaci\u00f3n insertos en la copla. Esto elimina la necesidad de roscar los extremos, lo que significa que puedes instalarlo de manera r\u00e1pida y f\u00e1cil, ahorrando tiempo y esfuerzo.<\/p>\n","protected":false},"excerpt":{"rendered":"<p>ESPECIFICACIONES Material: Acero Galvanizado Dimensiones: 20mm Peso:\u00a0 37 g DESCRIPCI\u00d3N Accesorio de alta calidad dise\u00f1ado para ser utilizado en sistemas el\u00e9ctricos, fabricado con materiales de alta calidad y acabado Galvanizado, con\u00a0 una excelente resistencia a la corrosi\u00f3n y a las inclemencias que presenten los factores climaticos. Este accesorio cuenta con un sistema de acople r\u00e1pido&#8230;<\/p>\n","protected":false},"featured_media":11335,"template":"","meta":[],"product_brand":[],"product_cat":[15],"product_tag":[],"class_list":{"0":"post-11332","1":"product","2":"type-product","3":"status-publish","4":"has-post-thumbnail","6":"product_cat-sin-categorizar","8":"first","9":"instock","10":"virtual","11":"purchasable","12":"product-type-simple"},"_links":{"self":[{"href":"https:\/\/ferrepuertochile.cl\/index.php\/wp-json\/wp\/v2\/product\/11332","targetHints":{"allow":["GET"]}}],"collection":[{"href":"https:\/\/ferrepuertochile.cl\/index.php\/wp-json\/wp\/v2\/product"}],"about":[{"href":"https:\/\/ferrepuertochile.cl\/index.php\/wp-json\/wp\/v2\/types\/product"}],"wp:featuredmedia":[{"embeddable":true,"href":"https:\/\/ferrepuertochile.cl\/index.php\/wp-json\/wp\/v2\/media\/11335"}],"wp:attachment":[{"href":"https:\/\/ferrepuertochile.cl\/index.php\/wp-json\/wp\/v2\/media?parent=11332"}],"wp:term":[{"taxonomy":"product_brand","embeddable":true,"href":"https:\/\/ferrepuertochile.cl\/index.php\/wp-json\/wp\/v2\/product_brand?post=11332"},{"taxonomy":"product_cat","embeddable":true,"href":"https:\/\/ferrepuertochile.cl\/index.php\/wp-json\/wp\/v2\/product_cat?post=11332"},{"taxonomy":"product_tag","embeddable":true,"href":"https:\/\/ferrepuertochile.cl\/index.php\/wp-json\/wp\/v2\/product_tag?post=11332"}],"curies":[{"name":"wp","href":"https:\/\/api.w.org\/{rel}","templated":true}]}}