{"id":11285,"date":"2025-04-15T11:17:25","date_gmt":"2025-04-15T14:17:25","guid":{"rendered":"https:\/\/ferrepuertochile.cl\/?post_type=product&#038;p=11285"},"modified":"2025-04-15T11:24:03","modified_gmt":"2025-04-15T14:24:03","slug":"hormigon-preparado-h-20-25kg-cuarzolisto","status":"publish","type":"product","link":"https:\/\/ferrepuertochile.cl\/index.php\/producto\/hormigon-preparado-h-20-25kg-cuarzolisto\/","title":{"rendered":"Hormigon Preparado H-20 25Kg CuarzoListo"},"content":{"rendered":"<h4><strong>RETIRO SOLO EN TIENDA, CONFIRMAR DISPONIBILIDAD.<\/strong><\/h4>\n<h4>HORMIGON PREPARADO H-20<\/h4>\n<h4>Radieres, pilares, cadenas, losas y fundaciones.<\/h4>\n<p>Hormig\u00f3n predosificado en seco formulado con \u00e1ridos seleccionados, cementos y aditivos especiales. Dise\u00f1ado para la confecci\u00f3n y reparaci\u00f3n de cimientos, sobre-cimientos, fundaciones aisladas, cadenas, pilares, vigas y pavimentos o radieres con tr\u00e1nsito peatonal o veh\u00edculos livianos.<\/p>\n","protected":false},"excerpt":{"rendered":"<p>RETIRO SOLO EN TIENDA, CONFIRMAR DISPONIBILIDAD. HORMIGON PREPARADO H-20 Radieres, pilares, cadenas, losas y fundaciones. Hormig\u00f3n predosificado en seco formulado con \u00e1ridos seleccionados, cementos y aditivos especiales. Dise\u00f1ado para la confecci\u00f3n y reparaci\u00f3n de cimientos, sobre-cimientos, fundaciones aisladas, cadenas, pilares, vigas y pavimentos o radieres con tr\u00e1nsito peatonal o veh\u00edculos livianos.<\/p>\n","protected":false},"featured_media":11286,"template":"","meta":[],"product_brand":[],"product_cat":[146,151,145,15],"product_tag":[],"class_list":{"0":"post-11285","1":"product","2":"type-product","3":"status-publish","4":"has-post-thumbnail","6":"product_cat-cementos","7":"product_cat-complementos-de-cemento","8":"product_cat-materiales-de-obra","9":"product_cat-sin-categorizar","11":"first","12":"outofstock","13":"shipping-taxable","14":"purchasable","15":"product-type-simple"},"_links":{"self":[{"href":"https:\/\/ferrepuertochile.cl\/index.php\/wp-json\/wp\/v2\/product\/11285","targetHints":{"allow":["GET"]}}],"collection":[{"href":"https:\/\/ferrepuertochile.cl\/index.php\/wp-json\/wp\/v2\/product"}],"about":[{"href":"https:\/\/ferrepuertochile.cl\/index.php\/wp-json\/wp\/v2\/types\/product"}],"wp:featuredmedia":[{"embeddable":true,"href":"https:\/\/ferrepuertochile.cl\/index.php\/wp-json\/wp\/v2\/media\/11286"}],"wp:attachment":[{"href":"https:\/\/ferrepuertochile.cl\/index.php\/wp-json\/wp\/v2\/media?parent=11285"}],"wp:term":[{"taxonomy":"product_brand","embeddable":true,"href":"https:\/\/ferrepuertochile.cl\/index.php\/wp-json\/wp\/v2\/product_brand?post=11285"},{"taxonomy":"product_cat","embeddable":true,"href":"https:\/\/ferrepuertochile.cl\/index.php\/wp-json\/wp\/v2\/product_cat?post=11285"},{"taxonomy":"product_tag","embeddable":true,"href":"https:\/\/ferrepuertochile.cl\/index.php\/wp-json\/wp\/v2\/product_tag?post=11285"}],"curies":[{"name":"wp","href":"https:\/\/api.w.org\/{rel}","templated":true}]}}