{"id":11184,"date":"2024-07-30T12:00:19","date_gmt":"2024-07-30T15:00:19","guid":{"rendered":"https:\/\/ferrepuertochile.cl\/?post_type=product&#038;p=11184"},"modified":"2025-03-10T12:05:31","modified_gmt":"2025-03-10T15:05:31","slug":"b80-tubo-bajada-canaleta-marron-d-80-x-3-metros-hoffens","status":"publish","type":"product","link":"https:\/\/ferrepuertochile.cl\/index.php\/producto\/b80-tubo-bajada-canaleta-marron-d-80-x-3-metros-hoffens\/","title":{"rendered":"B80 Tubo Bajada Canaleta Marr\u00f3n D 80 X 3 Metros Hoffens"},"content":{"rendered":"<div id=\"product-description-short-157\">\n<p>\u00a0Tubo bajada canaleta color marr\u00f3n D 80 X 3 metros. <span style=\"letter-spacing: 0em\">Permite la conducci\u00f3n y evacuaci\u00f3n de las aguas lluvia desde la bajada canaleta hasta el piso<\/span>. <span style=\"letter-spacing: 0em\">Marca Hoffens.<\/span><\/p>\n<\/div>\n","protected":false},"excerpt":{"rendered":"<p>\u00a0Tubo bajada canaleta color marr\u00f3n D 80 X 3 metros. Permite la conducci\u00f3n y evacuaci\u00f3n de las aguas lluvia desde la bajada canaleta hasta el piso. Marca Hoffens.<\/p>\n","protected":false},"featured_media":11185,"template":"","meta":[],"product_brand":[],"product_cat":[122],"product_tag":[],"class_list":{"0":"post-11184","1":"product","2":"type-product","3":"status-publish","4":"has-post-thumbnail","6":"product_cat-techumbre-y-canaletas","8":"first","9":"instock","10":"shipping-taxable","11":"purchasable","12":"product-type-simple"},"_links":{"self":[{"href":"https:\/\/ferrepuertochile.cl\/index.php\/wp-json\/wp\/v2\/product\/11184","targetHints":{"allow":["GET"]}}],"collection":[{"href":"https:\/\/ferrepuertochile.cl\/index.php\/wp-json\/wp\/v2\/product"}],"about":[{"href":"https:\/\/ferrepuertochile.cl\/index.php\/wp-json\/wp\/v2\/types\/product"}],"wp:featuredmedia":[{"embeddable":true,"href":"https:\/\/ferrepuertochile.cl\/index.php\/wp-json\/wp\/v2\/media\/11185"}],"wp:attachment":[{"href":"https:\/\/ferrepuertochile.cl\/index.php\/wp-json\/wp\/v2\/media?parent=11184"}],"wp:term":[{"taxonomy":"product_brand","embeddable":true,"href":"https:\/\/ferrepuertochile.cl\/index.php\/wp-json\/wp\/v2\/product_brand?post=11184"},{"taxonomy":"product_cat","embeddable":true,"href":"https:\/\/ferrepuertochile.cl\/index.php\/wp-json\/wp\/v2\/product_cat?post=11184"},{"taxonomy":"product_tag","embeddable":true,"href":"https:\/\/ferrepuertochile.cl\/index.php\/wp-json\/wp\/v2\/product_tag?post=11184"}],"curies":[{"name":"wp","href":"https:\/\/api.w.org\/{rel}","templated":true}]}}