{"id":11174,"date":"2024-07-30T11:36:14","date_gmt":"2024-07-30T14:36:14","guid":{"rendered":"https:\/\/ferrepuertochile.cl\/?post_type=product&#038;p=11174"},"modified":"2025-03-10T12:05:31","modified_gmt":"2025-03-10T15:05:31","slug":"b80-abrazadera-tubo-bajada-80-mm-marron-hoffens","status":"publish","type":"product","link":"https:\/\/ferrepuertochile.cl\/index.php\/producto\/b80-abrazadera-tubo-bajada-80-mm-marron-hoffens\/","title":{"rendered":"B80 Abrazadera Tubo Bajada 80 Mm Marr\u00f3n Hoffens"},"content":{"rendered":"<div id=\"product-description-short-157\">\n<p>La abrazadera para tubo bajada de 80mm, de color marr\u00f3n, es una alternativa eficiente y pr\u00e1ctica, porque puede fijar los ca\u00f1os a los muros y as\u00ed, no s\u00f3lo sirve para organizar y alinear la estructura, sino que ayuda a mantenerla estable y evita que los movimientos aflojen o da\u00f1en los componentes.<span style=\"letter-spacing: 0em\">\u00a0Marca Hoffens.<\/span><\/p>\n<\/div>\n","protected":false},"excerpt":{"rendered":"<p>La abrazadera para tubo bajada de 80mm, de color marr\u00f3n, es una alternativa eficiente y pr\u00e1ctica, porque puede fijar los ca\u00f1os a los muros y as\u00ed, no s\u00f3lo sirve para organizar y alinear la estructura, sino que ayuda a mantenerla estable y evita que los movimientos aflojen o da\u00f1en los componentes.\u00a0Marca Hoffens.<\/p>\n","protected":false},"featured_media":11175,"template":"","meta":[],"product_brand":[],"product_cat":[122],"product_tag":[],"class_list":{"0":"post-11174","1":"product","2":"type-product","3":"status-publish","4":"has-post-thumbnail","6":"product_cat-techumbre-y-canaletas","8":"first","9":"instock","10":"shipping-taxable","11":"purchasable","12":"product-type-simple"},"_links":{"self":[{"href":"https:\/\/ferrepuertochile.cl\/index.php\/wp-json\/wp\/v2\/product\/11174","targetHints":{"allow":["GET"]}}],"collection":[{"href":"https:\/\/ferrepuertochile.cl\/index.php\/wp-json\/wp\/v2\/product"}],"about":[{"href":"https:\/\/ferrepuertochile.cl\/index.php\/wp-json\/wp\/v2\/types\/product"}],"wp:featuredmedia":[{"embeddable":true,"href":"https:\/\/ferrepuertochile.cl\/index.php\/wp-json\/wp\/v2\/media\/11175"}],"wp:attachment":[{"href":"https:\/\/ferrepuertochile.cl\/index.php\/wp-json\/wp\/v2\/media?parent=11174"}],"wp:term":[{"taxonomy":"product_brand","embeddable":true,"href":"https:\/\/ferrepuertochile.cl\/index.php\/wp-json\/wp\/v2\/product_brand?post=11174"},{"taxonomy":"product_cat","embeddable":true,"href":"https:\/\/ferrepuertochile.cl\/index.php\/wp-json\/wp\/v2\/product_cat?post=11174"},{"taxonomy":"product_tag","embeddable":true,"href":"https:\/\/ferrepuertochile.cl\/index.php\/wp-json\/wp\/v2\/product_tag?post=11174"}],"curies":[{"name":"wp","href":"https:\/\/api.w.org\/{rel}","templated":true}]}}