{"id":11134,"date":"2024-07-29T17:52:59","date_gmt":"2024-07-29T20:52:59","guid":{"rendered":"https:\/\/ferrepuertochile.cl\/?post_type=product&#038;p=11134"},"modified":"2025-03-10T12:05:30","modified_gmt":"2025-03-10T15:05:30","slug":"union-canaleta-blanco-ph25-hoffens","status":"publish","type":"product","link":"https:\/\/ferrepuertochile.cl\/index.php\/producto\/union-canaleta-blanco-ph25-hoffens\/","title":{"rendered":"Uni\u00f3n Canaleta Blanco Ph 25 Hoffens"},"content":{"rendered":"<p>Uni\u00f3n Canaleta Blanco Ph 25. Fabricado en PVC para m\u00e1xima duraci\u00f3n. Resistente a golpes y corrosi\u00f3n. Complemento de sistema de aguas lluvias. Accesorio universal, que sirve para unir 2 segmentos de canaletas de techo. Marca Hoffens.<\/p>\n","protected":false},"excerpt":{"rendered":"<p>Uni\u00f3n Canaleta Blanco Ph 25. Fabricado en PVC para m\u00e1xima duraci\u00f3n. Resistente a golpes y corrosi\u00f3n. Complemento de sistema de aguas lluvias. Accesorio universal, que sirve para unir 2 segmentos de canaletas de techo. Marca Hoffens.<\/p>\n","protected":false},"featured_media":11135,"template":"","meta":[],"product_brand":[],"product_cat":[122],"product_tag":[],"class_list":{"0":"post-11134","1":"product","2":"type-product","3":"status-publish","4":"has-post-thumbnail","6":"product_cat-techumbre-y-canaletas","8":"first","9":"instock","10":"shipping-taxable","11":"purchasable","12":"product-type-simple"},"_links":{"self":[{"href":"https:\/\/ferrepuertochile.cl\/index.php\/wp-json\/wp\/v2\/product\/11134","targetHints":{"allow":["GET"]}}],"collection":[{"href":"https:\/\/ferrepuertochile.cl\/index.php\/wp-json\/wp\/v2\/product"}],"about":[{"href":"https:\/\/ferrepuertochile.cl\/index.php\/wp-json\/wp\/v2\/types\/product"}],"wp:featuredmedia":[{"embeddable":true,"href":"https:\/\/ferrepuertochile.cl\/index.php\/wp-json\/wp\/v2\/media\/11135"}],"wp:attachment":[{"href":"https:\/\/ferrepuertochile.cl\/index.php\/wp-json\/wp\/v2\/media?parent=11134"}],"wp:term":[{"taxonomy":"product_brand","embeddable":true,"href":"https:\/\/ferrepuertochile.cl\/index.php\/wp-json\/wp\/v2\/product_brand?post=11134"},{"taxonomy":"product_cat","embeddable":true,"href":"https:\/\/ferrepuertochile.cl\/index.php\/wp-json\/wp\/v2\/product_cat?post=11134"},{"taxonomy":"product_tag","embeddable":true,"href":"https:\/\/ferrepuertochile.cl\/index.php\/wp-json\/wp\/v2\/product_tag?post=11134"}],"curies":[{"name":"wp","href":"https:\/\/api.w.org\/{rel}","templated":true}]}}