{"id":11129,"date":"2024-07-29T17:34:16","date_gmt":"2024-07-29T20:34:16","guid":{"rendered":"https:\/\/ferrepuertochile.cl\/?post_type=product&#038;p=11129"},"modified":"2024-09-30T16:07:25","modified_gmt":"2024-09-30T19:07:25","slug":"clavo-4-1-kg","status":"publish","type":"product","link":"https:\/\/ferrepuertochile.cl\/index.php\/producto\/clavo-4-1-kg\/","title":{"rendered":"Clavo 4&#8243; 1 Kg Mallatec"},"content":{"rendered":"<p>Elemento de fijaci\u00f3n, fabricado con alambre de bajo contenido de carbono. Cabeza plana y estriada con punta de diamante corta. Es un producto de ferreter\u00eda dise\u00f1ado para tabiquer\u00edas menores, sin embargo tiene una amplia utilidad en trabajos dom\u00e9sticos. Se usa en todo tipo de construcciones. Trabajos de alba\u00f1iler\u00eda gruesa y carpinter\u00eda gruesa. Terminaciones habitacionales (clavos finos). Muebler\u00eda.<\/p>\n<p>Recomendaciones:<br \/>\nClavos Corrientes Elemento de fijaci\u00f3n, fabricado con alambre de bajo contenido de carbono. Cabeza plana y estriada con punta de diamante corta. Marca Mallatec.<\/p>\n","protected":false},"excerpt":{"rendered":"<p>Elemento de fijaci\u00f3n, fabricado con alambre de bajo contenido de carbono. Cabeza plana y estriada con punta de diamante corta. Es un producto de ferreter\u00eda dise\u00f1ado para tabiquer\u00edas menores, sin embargo tiene una amplia utilidad en trabajos dom\u00e9sticos. Se usa en todo tipo de construcciones. Trabajos de alba\u00f1iler\u00eda gruesa y carpinter\u00eda gruesa. Terminaciones habitacionales (clavos&#8230;<\/p>\n","protected":false},"featured_media":11127,"template":"","meta":[],"product_brand":[],"product_cat":[163],"product_tag":[],"class_list":{"0":"post-11129","1":"product","2":"type-product","3":"status-publish","4":"has-post-thumbnail","6":"product_cat-tornillos-clavos-y-fijaciones","8":"first","9":"outofstock","10":"shipping-taxable","11":"purchasable","12":"product-type-simple"},"_links":{"self":[{"href":"https:\/\/ferrepuertochile.cl\/index.php\/wp-json\/wp\/v2\/product\/11129","targetHints":{"allow":["GET"]}}],"collection":[{"href":"https:\/\/ferrepuertochile.cl\/index.php\/wp-json\/wp\/v2\/product"}],"about":[{"href":"https:\/\/ferrepuertochile.cl\/index.php\/wp-json\/wp\/v2\/types\/product"}],"wp:featuredmedia":[{"embeddable":true,"href":"https:\/\/ferrepuertochile.cl\/index.php\/wp-json\/wp\/v2\/media\/11127"}],"wp:attachment":[{"href":"https:\/\/ferrepuertochile.cl\/index.php\/wp-json\/wp\/v2\/media?parent=11129"}],"wp:term":[{"taxonomy":"product_brand","embeddable":true,"href":"https:\/\/ferrepuertochile.cl\/index.php\/wp-json\/wp\/v2\/product_brand?post=11129"},{"taxonomy":"product_cat","embeddable":true,"href":"https:\/\/ferrepuertochile.cl\/index.php\/wp-json\/wp\/v2\/product_cat?post=11129"},{"taxonomy":"product_tag","embeddable":true,"href":"https:\/\/ferrepuertochile.cl\/index.php\/wp-json\/wp\/v2\/product_tag?post=11129"}],"curies":[{"name":"wp","href":"https:\/\/api.w.org\/{rel}","templated":true}]}}