{"id":11113,"date":"2024-07-29T16:12:53","date_gmt":"2024-07-29T19:12:53","guid":{"rendered":"https:\/\/ferrepuertochile.cl\/?post_type=product&#038;p=11113"},"modified":"2025-03-10T12:05:29","modified_gmt":"2025-03-10T15:05:29","slug":"tarugo-para-volcanita-nylon-tipo-broca-unidad","status":"publish","type":"product","link":"https:\/\/ferrepuertochile.cl\/index.php\/producto\/tarugo-para-volcanita-nylon-tipo-broca-unidad\/","title":{"rendered":"Tarugo Para Volcanita Nylon Tipo Broca Inyectados Lonquimay (10 unidades)"},"content":{"rendered":"<p>El tarugo es un componente utilizado para asegurar un tornillo en un lugar o elemento estructural como pueden ser una pared, un panel, un mueble, etc. Una soluci\u00f3n de alta calidad para tus necesidades de fijaci\u00f3n y montaje. Este producto es ideal para aquellos que buscan durabilidad y resistencia en sus proyectos de construcci\u00f3n. Marca Inyectados Lonquimay.<\/p>\n","protected":false},"excerpt":{"rendered":"<p>El tarugo es un componente utilizado para asegurar un tornillo en un lugar o elemento estructural como pueden ser una pared, un panel, un mueble, etc. Una soluci\u00f3n de alta calidad para tus necesidades de fijaci\u00f3n y montaje. Este producto es ideal para aquellos que buscan durabilidad y resistencia en sus proyectos de construcci\u00f3n. Marca&#8230;<\/p>\n","protected":false},"featured_media":11114,"template":"","meta":[],"product_brand":[],"product_cat":[168],"product_tag":[],"class_list":{"0":"post-11113","1":"product","2":"type-product","3":"status-publish","4":"has-post-thumbnail","6":"product_cat-fijaciones-para-tabiqueria-y-yeso-carton","8":"first","9":"instock","10":"shipping-taxable","11":"purchasable","12":"product-type-simple"},"_links":{"self":[{"href":"https:\/\/ferrepuertochile.cl\/index.php\/wp-json\/wp\/v2\/product\/11113","targetHints":{"allow":["GET"]}}],"collection":[{"href":"https:\/\/ferrepuertochile.cl\/index.php\/wp-json\/wp\/v2\/product"}],"about":[{"href":"https:\/\/ferrepuertochile.cl\/index.php\/wp-json\/wp\/v2\/types\/product"}],"wp:featuredmedia":[{"embeddable":true,"href":"https:\/\/ferrepuertochile.cl\/index.php\/wp-json\/wp\/v2\/media\/11114"}],"wp:attachment":[{"href":"https:\/\/ferrepuertochile.cl\/index.php\/wp-json\/wp\/v2\/media?parent=11113"}],"wp:term":[{"taxonomy":"product_brand","embeddable":true,"href":"https:\/\/ferrepuertochile.cl\/index.php\/wp-json\/wp\/v2\/product_brand?post=11113"},{"taxonomy":"product_cat","embeddable":true,"href":"https:\/\/ferrepuertochile.cl\/index.php\/wp-json\/wp\/v2\/product_cat?post=11113"},{"taxonomy":"product_tag","embeddable":true,"href":"https:\/\/ferrepuertochile.cl\/index.php\/wp-json\/wp\/v2\/product_tag?post=11113"}],"curies":[{"name":"wp","href":"https:\/\/api.w.org\/{rel}","templated":true}]}}