{"id":11107,"date":"2024-07-29T14:02:15","date_gmt":"2024-07-29T17:02:15","guid":{"rendered":"https:\/\/ferrepuertochile.cl\/?post_type=product&#038;p=11107"},"modified":"2025-03-10T12:05:29","modified_gmt":"2025-03-10T15:05:29","slug":"tarugo-paloma-para-volcanita-10-unidades","status":"publish","type":"product","link":"https:\/\/ferrepuertochile.cl\/index.php\/producto\/tarugo-paloma-para-volcanita-10-unidades\/","title":{"rendered":"Tarugo Paloma Para Internit Inyectados Lonquimay (10 unidades)"},"content":{"rendered":"<p>Al momento de fijar un art\u00edculo decorativo en la pared, es indispensable contar con un accesorio como el Tarugo Internit, el cual le proporcionar\u00e1 seguridad y firmeza al objeto que vayas a colocar. Tiene un dise\u00f1o especial para fijaciones en muros de internit, vulcanita\u00a0o fibrocemento.<br \/>\nPara su instalaci\u00f3n necesitas hacer perforaciones de la medida adecuada con un taladro. Despu\u00e9s de instalado, no da\u00f1a o abre grietas en el punto de inserci\u00f3n.<br \/>\nEl Tarugo Internit es de pl\u00e1stico, un material que se expande dentro del orificio por la presi\u00f3n del tornillo resultando en anclajes m\u00e1s resistentes a los movimientos y las presiones. Marca Inyectado lonquimay.<\/p>\n","protected":false},"excerpt":{"rendered":"<p>Al momento de fijar un art\u00edculo decorativo en la pared, es indispensable contar con un accesorio como el Tarugo Internit, el cual le proporcionar\u00e1 seguridad y firmeza al objeto que vayas a colocar. Tiene un dise\u00f1o especial para fijaciones en muros de internit, vulcanita\u00a0o fibrocemento. Para su instalaci\u00f3n necesitas hacer perforaciones de la medida adecuada&#8230;<\/p>\n","protected":false},"featured_media":11109,"template":"","meta":[],"product_brand":[],"product_cat":[168],"product_tag":[],"class_list":{"0":"post-11107","1":"product","2":"type-product","3":"status-publish","4":"has-post-thumbnail","6":"product_cat-fijaciones-para-tabiqueria-y-yeso-carton","8":"first","9":"instock","10":"shipping-taxable","11":"purchasable","12":"product-type-simple"},"_links":{"self":[{"href":"https:\/\/ferrepuertochile.cl\/index.php\/wp-json\/wp\/v2\/product\/11107","targetHints":{"allow":["GET"]}}],"collection":[{"href":"https:\/\/ferrepuertochile.cl\/index.php\/wp-json\/wp\/v2\/product"}],"about":[{"href":"https:\/\/ferrepuertochile.cl\/index.php\/wp-json\/wp\/v2\/types\/product"}],"wp:featuredmedia":[{"embeddable":true,"href":"https:\/\/ferrepuertochile.cl\/index.php\/wp-json\/wp\/v2\/media\/11109"}],"wp:attachment":[{"href":"https:\/\/ferrepuertochile.cl\/index.php\/wp-json\/wp\/v2\/media?parent=11107"}],"wp:term":[{"taxonomy":"product_brand","embeddable":true,"href":"https:\/\/ferrepuertochile.cl\/index.php\/wp-json\/wp\/v2\/product_brand?post=11107"},{"taxonomy":"product_cat","embeddable":true,"href":"https:\/\/ferrepuertochile.cl\/index.php\/wp-json\/wp\/v2\/product_cat?post=11107"},{"taxonomy":"product_tag","embeddable":true,"href":"https:\/\/ferrepuertochile.cl\/index.php\/wp-json\/wp\/v2\/product_tag?post=11107"}],"curies":[{"name":"wp","href":"https:\/\/api.w.org\/{rel}","templated":true}]}}