{"id":11071,"date":"2024-07-29T12:01:40","date_gmt":"2024-07-29T15:01:40","guid":{"rendered":"https:\/\/ferrepuertochile.cl\/?post_type=product&#038;p=11071"},"modified":"2025-03-12T11:06:21","modified_gmt":"2025-03-12T14:06:21","slug":"legionario-tapanuca-para-gorro-casco","status":"publish","type":"product","link":"https:\/\/ferrepuertochile.cl\/index.php\/producto\/legionario-tapanuca-para-gorro-casco\/","title":{"rendered":"Legionario (Tapanuca Para Gorro Casco) Gen\u00e9rico"},"content":{"rendered":"<p>Tela con tratamiento de protecci\u00f3n UV. F\u00e1cil ajuste para con casco de seguridad. Disponible en color naranjo.<\/p>\n","protected":false},"excerpt":{"rendered":"<p>Tela con tratamiento de protecci\u00f3n UV. F\u00e1cil ajuste para con casco de seguridad. Disponible en color naranjo.<\/p>\n","protected":false},"featured_media":11072,"template":"","meta":[],"product_brand":[],"product_cat":[194],"product_tag":[],"class_list":{"0":"post-11071","1":"product","2":"type-product","3":"status-publish","4":"has-post-thumbnail","6":"product_cat-proteccion-personal","8":"first","9":"instock","10":"shipping-taxable","11":"purchasable","12":"product-type-simple"},"_links":{"self":[{"href":"https:\/\/ferrepuertochile.cl\/index.php\/wp-json\/wp\/v2\/product\/11071","targetHints":{"allow":["GET"]}}],"collection":[{"href":"https:\/\/ferrepuertochile.cl\/index.php\/wp-json\/wp\/v2\/product"}],"about":[{"href":"https:\/\/ferrepuertochile.cl\/index.php\/wp-json\/wp\/v2\/types\/product"}],"wp:featuredmedia":[{"embeddable":true,"href":"https:\/\/ferrepuertochile.cl\/index.php\/wp-json\/wp\/v2\/media\/11072"}],"wp:attachment":[{"href":"https:\/\/ferrepuertochile.cl\/index.php\/wp-json\/wp\/v2\/media?parent=11071"}],"wp:term":[{"taxonomy":"product_brand","embeddable":true,"href":"https:\/\/ferrepuertochile.cl\/index.php\/wp-json\/wp\/v2\/product_brand?post=11071"},{"taxonomy":"product_cat","embeddable":true,"href":"https:\/\/ferrepuertochile.cl\/index.php\/wp-json\/wp\/v2\/product_cat?post=11071"},{"taxonomy":"product_tag","embeddable":true,"href":"https:\/\/ferrepuertochile.cl\/index.php\/wp-json\/wp\/v2\/product_tag?post=11071"}],"curies":[{"name":"wp","href":"https:\/\/api.w.org\/{rel}","templated":true}]}}